{"id":772,"date":"2018-04-03T18:26:18","date_gmt":"2018-04-03T17:26:18","guid":{"rendered":"http:\/\/nowa.zsce.pl\/?page_id=772"},"modified":"2019-03-01T22:15:23","modified_gmt":"2019-03-01T21:15:23","slug":"xiii-sesja-szkol-im-ignacego-lukasiewicza","status":"publish","type":"page","link":"https:\/\/zsce.pl\/?page_id=772","title":{"rendered":"XIII Sesja Szk\u00f3\u0142 im. Ignacego \u0141ukasiewicza"},"content":{"rendered":"<p style=\"text-align: justify;\">Przedstawiciele Szk\u00f3\u0142 im. Ignacego \u0141ukasiewicza spotykaj\u0105 si\u0119 na okresowych Sesjach Szk\u00f3\u0142 \u0141ukasiewiczowskich. Celem tych spotka\u0144 jest propagowanie postaci Patrona &#8211; Ignacego \u0141ukasiewicza, wielkiego\u00a0 wynalazcy, prekursora przemys\u0142u naftowego, patrioty i spo\u0142ecznika. Spotkania te daj\u0105 r\u00f3wnie\u017c mo\u017cliwo\u015bci integrowania \u015brodowiska, poznania funkcjonowania r\u00f3\u017cnych plac\u00f3wek o\u015bwiatowych w Polsce, wymiany\u00a0 do\u015bwiadcze\u0144, poznania region\u00f3w kraju pod wzgl\u0119dem kulturowym\u00a0 i\u00a0 turystycznym.<\/p>\n<p style=\"text-align: justify;\"><strong>W\u00a0 dniach 22-23 wrze\u015bnia 2017 r. mamy wielk\u0105 przyjemno\u015b\u0107 go\u015bci\u0107 przedstawicieli Szk\u00f3\u0142 im. Ignacego \u0141ukasiewicza z ca\u0142ej Polski na XIII Sesji w\u00a0 P\u0142ocku, w naszej Szkole.<\/strong><\/p>\n<p>&nbsp;<\/p>\n<h3 style=\"text-align: center;\"><strong>XIII Sesja Szk\u00f3\u0142 im. Ignacego \u0141ukasiewicza zosta\u0142a zorganizowana dzi\u0119ki wsparciu:<\/strong><\/h3>\n<p>&nbsp;<\/p>\n<p>&nbsp;<\/p>\n<h3 style=\"text-align: center;\"><img loading=\"lazy\" decoding=\"async\" class=\"alignnone wp-image-776\" src=\"http:\/\/nowa.zsce.pl\/wp-content\/uploads\/2018\/04\/orlen.png\" alt=\"\" width=\"156\" height=\"120\" \/>\u00a0 \u00a0 \u00a0 \u00a0 \u00a0 \u00a0 \u00a0<img loading=\"lazy\" decoding=\"async\" class=\"alignnone size-full wp-image-779\" src=\"http:\/\/nowa.zsce.pl\/wp-content\/uploads\/2018\/04\/sitpnig.jpg\" alt=\"\" width=\"104\" height=\"100\" \/>\u00a0 \u00a0 \u00a0 \u00a0 \u00a0 \u00a0\u00a0<img loading=\"lazy\" decoding=\"async\" class=\"alignnone wp-image-777\" src=\"http:\/\/nowa.zsce.pl\/wp-content\/uploads\/2018\/04\/pgnig.jpg\" alt=\"\" width=\"280\" height=\"60\" \/><\/h3>\n<p>&nbsp;<\/p>\n<p style=\"text-align: center;\"><img loading=\"lazy\" decoding=\"async\" class=\"alignnone size-full wp-image-778\" src=\"http:\/\/nowa.zsce.pl\/wp-content\/uploads\/2018\/04\/pgnig_fundacja.jpg\" alt=\"\" width=\"215\" height=\"75\" \/>\u00a0 \u00a0 \u00a0 \u00a0 \u00a0 \u00a0 \u00a0<img loading=\"lazy\" decoding=\"async\" class=\"alignnone wp-image-780\" src=\"http:\/\/nowa.zsce.pl\/wp-content\/uploads\/2018\/04\/zsce.jpg\" alt=\"\" width=\"135\" height=\"78\" \/><\/p>\n<p>&nbsp;<\/p>\n<h3><\/h3>\n<h3 style=\"text-align: center;\">Patronat:<\/h3>\n<p>&nbsp;<\/p>\n<p style=\"text-align: center;\"><img loading=\"lazy\" decoding=\"async\" class=\"alignnone size-full wp-image-775\" src=\"http:\/\/nowa.zsce.pl\/wp-content\/uploads\/2018\/04\/mko.jpg\" alt=\"\" width=\"143\" height=\"100\" \/><\/p>\n<h3 style=\"text-align: center;\"><\/h3>\n","protected":false},"excerpt":{"rendered":"<p>Przedstawiciele Szk\u00f3\u0142 im. Ignacego \u0141ukasiewicza spotykaj\u0105 si\u0119 na okresowych Sesjach Szk\u00f3\u0142 \u0141ukasiewiczowskich. Celem tych spotka\u0144 jest propagowanie postaci Patrona &#8211; Ignacego \u0141ukasiewicza, wielkiego\u00a0 wynalazcy, prekursora przemys\u0142u naftowego, patrioty i spo\u0142ecznika. Spotkania te daj\u0105 r\u00f3wnie\u017c mo\u017cliwo\u015bci integrowania \u015brodowiska, poznania funkcjonowania r\u00f3\u017cnych plac\u00f3wek o\u015bwiatowych w Polsce, wymiany\u00a0 do\u015bwiadcze\u0144, poznania region\u00f3w kraju pod wzgl\u0119dem kulturowym\u00a0 i\u00a0 turystycznym. W\u00a0 dniach 22-23 wrze\u015bnia 2017 r.&hellip;<\/p>\n","protected":false},"author":1,"featured_media":0,"parent":14,"menu_order":12,"comment_status":"closed","ping_status":"closed","template":"","meta":{"_mc_calendar":[],"footnotes":""},"class_list":["post-772","page","type-page","status-publish","hentry"],"_links":{"self":[{"href":"https:\/\/zsce.pl\/index.php?rest_route=\/wp\/v2\/pages\/772","targetHints":{"allow":["GET"]}}],"collection":[{"href":"https:\/\/zsce.pl\/index.php?rest_route=\/wp\/v2\/pages"}],"about":[{"href":"https:\/\/zsce.pl\/index.php?rest_route=\/wp\/v2\/types\/page"}],"author":[{"embeddable":true,"href":"https:\/\/zsce.pl\/index.php?rest_route=\/wp\/v2\/users\/1"}],"replies":[{"embeddable":true,"href":"https:\/\/zsce.pl\/index.php?rest_route=%2Fwp%2Fv2%2Fcomments&post=772"}],"version-history":[{"count":6,"href":"https:\/\/zsce.pl\/index.php?rest_route=\/wp\/v2\/pages\/772\/revisions"}],"predecessor-version":[{"id":781,"href":"https:\/\/zsce.pl\/index.php?rest_route=\/wp\/v2\/pages\/772\/revisions\/781"}],"up":[{"embeddable":true,"href":"https:\/\/zsce.pl\/index.php?rest_route=\/wp\/v2\/pages\/14"}],"wp:attachment":[{"href":"https:\/\/zsce.pl\/index.php?rest_route=%2Fwp%2Fv2%2Fmedia&parent=772"}],"curies":[{"name":"wp","href":"https:\/\/api.w.org\/{rel}","templated":true}]}}