{"id":62,"date":"2016-08-20T09:27:51","date_gmt":"2016-08-20T09:27:51","guid":{"rendered":"http:\/\/nowa.zsce.pl\/?page_id=62"},"modified":"2021-01-17T18:25:22","modified_gmt":"2021-01-17T17:25:22","slug":"absolwenci","status":"publish","type":"page","link":"https:\/\/zsce.pl\/?page_id=62","title":{"rendered":"Absolwenci"},"content":{"rendered":"<h3 style=\"text-align: justify;\"><span style=\"color: #ff0000;\"><strong>Szanowny Absolwencie\/Szanowna Absolwentko,<\/strong><\/span><\/h3>\n<p style=\"text-align: justify;\">Zesp\u00f3\u0142 Szk\u00f3\u0142 Centrum Edukacji im. Ignacego \u0141ukasiewicza prowadzi badanie los\u00f3w zawodowych i edukacyjnych absolwent\u00f3w.<\/p>\n<p style=\"text-align: justify;\">Po sko\u0144czeniu naszej Szko\u0142y Twoje dalsze sukcesy s\u0105 dla Nas wielk\u0105 rado\u015bci\u0105. Je\u017celi masz \u017cyczenie, podziel si\u0119 tymi informacjami. W zwi\u0105zku z tym zwracamy si\u0119 z pro\u015bb\u0105 o wype\u0142nienie kr\u00f3tkiego formularza, kt\u00f3ry umo\u017cliwi nam przes\u0142anie ankiety, maj\u0105cej na celu zebranie informacji na temat sytuacji zawodowej oraz oceny przydatno\u015bci kszta\u0142cenia w Zespole Szk\u00f3\u0142 Centrum Edukacji im. Ignacego \u0141ukasiewicza.<\/p>\n<p style=\"text-align: justify;\">Zapraszamy do wzi\u0119cia udzia\u0142u w badaniu.<\/p>\n<p><span style=\"color: #ff0000;\"><a style=\"color: #ff0000;\" href=\"https:\/\/docs.google.com\/forms\/d\/1R2_Wf5ibWQ0HViohJb4i2xTMCFDBaKzzUAVBxM-MODo\/viewform?edit_requested=true\" target=\"_blank\" rel=\"noopener\">Wype\u0142nij ankiet\u0119 -&gt;&gt;<\/a><\/span><\/p>\n","protected":false},"excerpt":{"rendered":"<p>Szanowny Absolwencie\/Szanowna Absolwentko, Zesp\u00f3\u0142 Szk\u00f3\u0142 Centrum Edukacji im. Ignacego \u0141ukasiewicza prowadzi badanie los\u00f3w zawodowych i edukacyjnych absolwent\u00f3w. Po sko\u0144czeniu naszej Szko\u0142y Twoje dalsze sukcesy s\u0105 dla Nas wielk\u0105 rado\u015bci\u0105. Je\u017celi masz \u017cyczenie, podziel si\u0119 tymi informacjami. W zwi\u0105zku z tym zwracamy si\u0119 z pro\u015bb\u0105 o wype\u0142nienie kr\u00f3tkiego formularza, kt\u00f3ry umo\u017cliwi nam przes\u0142anie ankiety, maj\u0105cej na celu zebranie informacji na temat&hellip;<\/p>\n","protected":false},"author":1,"featured_media":0,"parent":14,"menu_order":0,"comment_status":"closed","ping_status":"closed","template":"","meta":{"_mc_calendar":[],"footnotes":""},"class_list":["post-62","page","type-page","status-publish","hentry"],"_links":{"self":[{"href":"https:\/\/zsce.pl\/index.php?rest_route=\/wp\/v2\/pages\/62","targetHints":{"allow":["GET"]}}],"collection":[{"href":"https:\/\/zsce.pl\/index.php?rest_route=\/wp\/v2\/pages"}],"about":[{"href":"https:\/\/zsce.pl\/index.php?rest_route=\/wp\/v2\/types\/page"}],"author":[{"embeddable":true,"href":"https:\/\/zsce.pl\/index.php?rest_route=\/wp\/v2\/users\/1"}],"replies":[{"embeddable":true,"href":"https:\/\/zsce.pl\/index.php?rest_route=%2Fwp%2Fv2%2Fcomments&post=62"}],"version-history":[{"count":7,"href":"https:\/\/zsce.pl\/index.php?rest_route=\/wp\/v2\/pages\/62\/revisions"}],"predecessor-version":[{"id":3049,"href":"https:\/\/zsce.pl\/index.php?rest_route=\/wp\/v2\/pages\/62\/revisions\/3049"}],"up":[{"embeddable":true,"href":"https:\/\/zsce.pl\/index.php?rest_route=\/wp\/v2\/pages\/14"}],"wp:attachment":[{"href":"https:\/\/zsce.pl\/index.php?rest_route=%2Fwp%2Fv2%2Fmedia&parent=62"}],"curies":[{"name":"wp","href":"https:\/\/api.w.org\/{rel}","templated":true}]}}