{"id":5794,"date":"2026-04-07T20:51:25","date_gmt":"2026-04-07T19:51:25","guid":{"rendered":"https:\/\/zsce.pl\/?page_id=5794"},"modified":"2026-04-07T21:10:26","modified_gmt":"2026-04-07T20:10:26","slug":"klasa-sportowa","status":"publish","type":"page","link":"https:\/\/zsce.pl\/?page_id=5794","title":{"rendered":"Klasa sportowa"},"content":{"rendered":"<p>&nbsp;<\/p>\n<table style=\"border-collapse: collapse; width: 100%; height: 210px;\">\n<tbody>\n<tr style=\"height: 210px;\">\n<td style=\"width: 50%; height: 210px;\"><a href=\"https:\/\/zsce.pl\/wp-content\/uploads\/2026\/04\/Herb_SPR_Wisla_Plock.jpg\"><img loading=\"lazy\" decoding=\"async\" class=\"aligncenter  wp-image-5797\" src=\"https:\/\/zsce.pl\/wp-content\/uploads\/2026\/04\/Herb_SPR_Wisla_Plock.jpg\" alt=\"\" width=\"180\" height=\"222\" srcset=\"https:\/\/zsce.pl\/wp-content\/uploads\/2026\/04\/Herb_SPR_Wisla_Plock.jpg 960w, https:\/\/zsce.pl\/wp-content\/uploads\/2026\/04\/Herb_SPR_Wisla_Plock-296x365.jpg 296w, https:\/\/zsce.pl\/wp-content\/uploads\/2026\/04\/Herb_SPR_Wisla_Plock-682x840.jpg 682w, https:\/\/zsce.pl\/wp-content\/uploads\/2026\/04\/Herb_SPR_Wisla_Plock-768x946.jpg 768w\" sizes=\"auto, (max-width: 180px) 100vw, 180px\" \/><\/a><\/td>\n<td style=\"width: 50%; height: 210px;\"><a href=\"https:\/\/zsce.pl\/wp-content\/uploads\/2026\/04\/ZSCE_logo.png\"><img loading=\"lazy\" decoding=\"async\" class=\"aligncenter  wp-image-5798\" src=\"https:\/\/zsce.pl\/wp-content\/uploads\/2026\/04\/ZSCE_logo.png\" alt=\"\" width=\"231\" height=\"142\" srcset=\"https:\/\/zsce.pl\/wp-content\/uploads\/2026\/04\/ZSCE_logo.png 1920w, https:\/\/zsce.pl\/wp-content\/uploads\/2026\/04\/ZSCE_logo-594x365.png 594w, https:\/\/zsce.pl\/wp-content\/uploads\/2026\/04\/ZSCE_logo-840x516.png 840w, https:\/\/zsce.pl\/wp-content\/uploads\/2026\/04\/ZSCE_logo-768x472.png 768w, https:\/\/zsce.pl\/wp-content\/uploads\/2026\/04\/ZSCE_logo-1536x944.png 1536w\" sizes=\"auto, (max-width: 231px) 100vw, 231px\" \/><\/a><\/td>\n<\/tr>\n<\/tbody>\n<\/table>\n<p>&nbsp;<\/p>\n<p style=\"text-align: center;\"><span style=\"color: #000080;\"><strong>We wsp\u00f3\u0142pracy z SPR Wis\u0142\u0105 P\u0142ock, od roku szkolnego 2026\/2027, <\/strong><\/span><\/p>\n<p style=\"text-align: center;\"><span style=\"color: #000080;\"><strong>uruchamiamy klas\u0119 sportow\u0105 w dyscyplinie &#8211; pi\u0142ka r\u0119czna ch\u0142opc\u00f3w.<\/strong><\/span><\/p>\n<p>&nbsp;<\/p>\n<p><a href=\"https:\/\/zsce.pl\/wp-content\/uploads\/2026\/04\/06.png\"><img loading=\"lazy\" decoding=\"async\" class=\"aligncenter size-full wp-image-5800\" src=\"https:\/\/zsce.pl\/wp-content\/uploads\/2026\/04\/06.png\" alt=\"\" width=\"1200\" height=\"630\" srcset=\"https:\/\/zsce.pl\/wp-content\/uploads\/2026\/04\/06.png 1200w, https:\/\/zsce.pl\/wp-content\/uploads\/2026\/04\/06-660x347.png 660w, https:\/\/zsce.pl\/wp-content\/uploads\/2026\/04\/06-840x441.png 840w, https:\/\/zsce.pl\/wp-content\/uploads\/2026\/04\/06-768x403.png 768w\" sizes=\"auto, (max-width: 1200px) 100vw, 1200px\" \/><\/a><\/p>\n<p>&nbsp;<\/p>\n<p><strong>WI\u0118CEJ INFORMACJI<\/strong>:\u00a0 \u00a0 \u00a0 \u00a0 \u00a0 <span style=\"color: #ff0000;\"><strong>\u21d2 <span style=\"text-decoration: underline;\"><a style=\"color: #ff0000; text-decoration: underline;\" href=\"https:\/\/zsce.pl\/?page_id=478\">Oferta edukacyjna<\/a><\/span><\/strong><\/span>\u00a0 \u00a0 \u00a0 <span style=\"color: #ff0000;\"><strong>\u21d2 <span style=\"text-decoration: underline;\"><a style=\"color: #ff0000; text-decoration: underline;\" href=\"https:\/\/zsce.pl\/?page_id=482\">Zasady rekrutacji<\/a><\/span>\u00a0 \u00a0 \u00a0 <span style=\"color: #ff0000;\">\u21d2 <span style=\"text-decoration: underline;\"><a style=\"color: #ff0000; text-decoration: underline;\" href=\"https:\/\/zsce.pl\/?page_id=5441\">Drzwi Otwarte 2026<\/a><\/span><\/span><\/strong><\/span><\/p>\n<p>&nbsp;<\/p>\n","protected":false},"excerpt":{"rendered":"<p>&nbsp; &nbsp; We wsp\u00f3\u0142pracy z SPR Wis\u0142\u0105 P\u0142ock, od roku szkolnego 2026\/2027, uruchamiamy klas\u0119 sportow\u0105 w dyscyplinie &#8211; pi\u0142ka r\u0119czna ch\u0142opc\u00f3w. &nbsp; &nbsp; WI\u0118CEJ INFORMACJI:\u00a0 \u00a0 \u00a0 \u00a0 \u00a0 \u21d2 Oferta edukacyjna\u00a0 \u00a0 \u00a0 \u21d2 Zasady rekrutacji\u00a0 \u00a0 \u00a0 \u21d2 Drzwi Otwarte 2026 &nbsp;<\/p>\n","protected":false},"author":8,"featured_media":0,"parent":0,"menu_order":0,"comment_status":"closed","ping_status":"closed","template":"","meta":{"_mc_calendar":[],"footnotes":""},"class_list":["post-5794","page","type-page","status-publish","hentry"],"_links":{"self":[{"href":"https:\/\/zsce.pl\/index.php?rest_route=\/wp\/v2\/pages\/5794","targetHints":{"allow":["GET"]}}],"collection":[{"href":"https:\/\/zsce.pl\/index.php?rest_route=\/wp\/v2\/pages"}],"about":[{"href":"https:\/\/zsce.pl\/index.php?rest_route=\/wp\/v2\/types\/page"}],"author":[{"embeddable":true,"href":"https:\/\/zsce.pl\/index.php?rest_route=\/wp\/v2\/users\/8"}],"replies":[{"embeddable":true,"href":"https:\/\/zsce.pl\/index.php?rest_route=%2Fwp%2Fv2%2Fcomments&post=5794"}],"version-history":[{"count":3,"href":"https:\/\/zsce.pl\/index.php?rest_route=\/wp\/v2\/pages\/5794\/revisions"}],"predecessor-version":[{"id":5801,"href":"https:\/\/zsce.pl\/index.php?rest_route=\/wp\/v2\/pages\/5794\/revisions\/5801"}],"wp:attachment":[{"href":"https:\/\/zsce.pl\/index.php?rest_route=%2Fwp%2Fv2%2Fmedia&parent=5794"}],"curies":[{"name":"wp","href":"https:\/\/api.w.org\/{rel}","templated":true}]}}