{"id":572,"date":"2018-03-28T21:52:20","date_gmt":"2018-03-28T20:52:20","guid":{"rendered":"http:\/\/nowa.zsce.pl\/?page_id=572"},"modified":"2024-12-05T10:39:40","modified_gmt":"2024-12-05T09:39:40","slug":"miedzypowiatowy-konkurs-wiedzy-o-unii-europejskiej","status":"publish","type":"page","link":"https:\/\/zsce.pl\/?page_id=572","title":{"rendered":"Konkurs wiedzy o Unii Europejskiej"},"content":{"rendered":"<h3><img loading=\"lazy\" decoding=\"async\" class=\"aligncenter size-full wp-image-1189\" src=\"http:\/\/zsce.pl\/wp-content\/uploads\/2018\/10\/banner_mkwoue.jpg\" alt=\"\" width=\"948\" height=\"210\" srcset=\"https:\/\/zsce.pl\/wp-content\/uploads\/2018\/10\/banner_mkwoue.jpg 948w, https:\/\/zsce.pl\/wp-content\/uploads\/2018\/10\/banner_mkwoue-660x146.jpg 660w, https:\/\/zsce.pl\/wp-content\/uploads\/2018\/10\/banner_mkwoue-768x170.jpg 768w, https:\/\/zsce.pl\/wp-content\/uploads\/2018\/10\/banner_mkwoue-840x186.jpg 840w\" sizes=\"auto, (max-width: 948px) 100vw, 948px\" \/><\/h3>\n<h3><\/h3>\n<h3 style=\"text-align: center;\"><img loading=\"lazy\" decoding=\"async\" class=\"alignnone wp-image-4193\" src=\"https:\/\/zsce.pl\/wp-content\/uploads\/2022\/04\/MKWoUE-633x365.png\" alt=\"\" width=\"347\" height=\"200\" srcset=\"https:\/\/zsce.pl\/wp-content\/uploads\/2022\/04\/MKWoUE-633x365.png 633w, https:\/\/zsce.pl\/wp-content\/uploads\/2022\/04\/MKWoUE-840x484.png 840w, https:\/\/zsce.pl\/wp-content\/uploads\/2022\/04\/MKWoUE-768x443.png 768w, https:\/\/zsce.pl\/wp-content\/uploads\/2022\/04\/MKWoUE-1536x885.png 1536w, https:\/\/zsce.pl\/wp-content\/uploads\/2022\/04\/MKWoUE-2048x1180.png 2048w\" sizes=\"auto, (max-width: 347px) 100vw, 347px\" \/><\/h3>\n<h3 style=\"text-align: justify;\"><span style=\"color: #ff0000;\"><strong>Organizatorzy:<\/strong><\/span><\/h3>\n<ol style=\"text-align: justify;\">\n<li>Zesp\u00f3\u0142 Szk\u00f3\u0142 Centrum Edukacji im. Ignacego \u0141ukasiewicza w P\u0142ocku<\/li>\n<li>III Liceum Og\u00f3lnokszta\u0142c\u0105ce z Oddzia\u0142ami Dwuj\u0119zycznymi im. Marii D\u0105browskiej w P\u0142ocku<\/li>\n<\/ol>\n<h3 style=\"text-align: justify;\"><span style=\"color: #ff0000;\"><strong>Koordynatorzy:<\/strong><\/span><\/h3>\n<ul style=\"text-align: justify;\">\n<li>mgr Joanna Murawska \u2013 nauczyciel geografii w ZSCE,<\/li>\n<li>mgr Anna Kokoszczy\u0144ska \u2013 nauczyciel historii w ZSCE,<\/li>\n<li>mgr Bogumi\u0142a Stempi\u0144ska \u2013 nauczyciel j\u0119zyka angielskiego w ZSCE,<\/li>\n<li>mgr Bogdan Majewski \u2013 nauczyciel geografii i informatyki w III LO w P\u0142ocku.<\/li>\n<\/ul>\n<h3><strong><span style=\"color: #ff0000;\">Troch\u0119 historii\u2026.<\/span><\/strong><\/h3>\n<p style=\"text-align: justify;\" align=\"justify\">Mi\u0119dzypowiatowy Konkurs Wiedzy o Unii Europejskiej (wcze\u015bniej mi\u0119dzyszkolny) po raz pierwszy odby\u0142 si\u0119 w Zespole Szk\u00f3\u0142 Centrum Edukacji w roku szkolnym 2003\/2004. Od roku szkolnego 2007 \/ 2008 patronat nad konkursem obj\u0105\u0142 Dyrektor Delegatury w P\u0142ocku Kuratorium O\u015bwiaty w Warszawie.<\/p>\n<p style=\"text-align: justify;\" align=\"justify\">Wsparciem merytorycznym jest Regionalne Centrum Informacji Europejskiej w P\u0142ocku.<br \/>\nW roku szkolnym 2007 \/ 2008 wyst\u0105pili\u015bmy o ufundowanie nagrody g\u0142\u00f3wnej do Rektora Szko\u0142y Wy\u017cszej im. Paw\u0142a W\u0142odkowica w P\u0142ocku. Laureat zdoby\u0142 indeks uczelni oraz zwolnienie z czesnego w pierwszym roku nauki.<br \/>\nW roku szkolnym 2009 \/ 2010 uzyskali\u015bmy patronat Mazowieckiego Kuratora O\u015bwiaty w Warszawie.<br \/>\nW roku szkolnym 2010\/2011 ponownie uzyskali\u015bmy patronat Mazowieckiego Kuratora O\u015bwiaty w Warszawie.<\/p>\n<p style=\"text-align: center;\" align=\"justify\"><span style=\"color: #ff0000;\"><strong><a style=\"color: #ff0000;\" href=\"https:\/\/zsce.pl\/wp-content\/uploads\/2024\/03\/konkursUE_Regulamin-2024.pdf\">Regulamin Konkursu o UE 2023\/2024<\/a><\/strong><\/span><\/p>\n<p style=\"text-align: center;\" align=\"justify\"><span style=\"color: #ff0000;\"><strong><a style=\"color: #ff0000;\" href=\"https:\/\/zsce.pl\/wp-content\/uploads\/2024\/03\/konkursUE_Regulamin-2024.pdf\">O\u015bwiadczenie_RODO<\/a><\/strong><\/span><\/p>\n<p style=\"text-align: center;\" align=\"justify\"><span style=\"color: #ff0000;\"><strong><a style=\"color: #ff0000;\" href=\"https:\/\/zsce.pl\/wp-content\/uploads\/2024\/03\/konkursUE_Regulamin-2024.pdf\">Konkurs_UE_Formularz_zgloszeniowy_2023_2024<\/a><\/strong><\/span><\/p>\n<p style=\"text-align: justify;\" align=\"justify\"><a href=\"http:\/\/3lo.pl\/konkurs-wiedzy-o-ue\/\"><span style=\"color: #ff0000;\"><strong><span style=\"color: #000000;\">Szczeg\u00f3\u0142owe informacje mo\u017cna r\u00f3wnie\u017c znale\u017a\u0107 na stronie internetowej 3LO w P\u0142ocku &#8211; kliknij<\/span><\/strong><span style=\"color: #000000;\"><strong>.<\/strong><\/span><\/span><\/a><\/p>\n","protected":false},"excerpt":{"rendered":"<p>Organizatorzy: Zesp\u00f3\u0142 Szk\u00f3\u0142 Centrum Edukacji im. Ignacego \u0141ukasiewicza w P\u0142ocku III Liceum Og\u00f3lnokszta\u0142c\u0105ce z Oddzia\u0142ami Dwuj\u0119zycznymi im. Marii D\u0105browskiej w P\u0142ocku Koordynatorzy: mgr Joanna Murawska \u2013 nauczyciel geografii w ZSCE, mgr Anna Kokoszczy\u0144ska \u2013 nauczyciel historii w ZSCE, mgr Bogumi\u0142a Stempi\u0144ska \u2013 nauczyciel j\u0119zyka angielskiego w ZSCE, mgr Bogdan Majewski \u2013 nauczyciel geografii i informatyki w III LO w P\u0142ocku.&hellip;<\/p>\n","protected":false},"author":1,"featured_media":0,"parent":24,"menu_order":4,"comment_status":"closed","ping_status":"closed","template":"","meta":{"_mc_calendar":[],"footnotes":""},"class_list":["post-572","page","type-page","status-publish","hentry"],"_links":{"self":[{"href":"https:\/\/zsce.pl\/index.php?rest_route=\/wp\/v2\/pages\/572","targetHints":{"allow":["GET"]}}],"collection":[{"href":"https:\/\/zsce.pl\/index.php?rest_route=\/wp\/v2\/pages"}],"about":[{"href":"https:\/\/zsce.pl\/index.php?rest_route=\/wp\/v2\/types\/page"}],"author":[{"embeddable":true,"href":"https:\/\/zsce.pl\/index.php?rest_route=\/wp\/v2\/users\/1"}],"replies":[{"embeddable":true,"href":"https:\/\/zsce.pl\/index.php?rest_route=%2Fwp%2Fv2%2Fcomments&post=572"}],"version-history":[{"count":21,"href":"https:\/\/zsce.pl\/index.php?rest_route=\/wp\/v2\/pages\/572\/revisions"}],"predecessor-version":[{"id":5304,"href":"https:\/\/zsce.pl\/index.php?rest_route=\/wp\/v2\/pages\/572\/revisions\/5304"}],"up":[{"embeddable":true,"href":"https:\/\/zsce.pl\/index.php?rest_route=\/wp\/v2\/pages\/24"}],"wp:attachment":[{"href":"https:\/\/zsce.pl\/index.php?rest_route=%2Fwp%2Fv2%2Fmedia&parent=572"}],"curies":[{"name":"wp","href":"https:\/\/api.w.org\/{rel}","templated":true}]}}