{"id":517,"date":"2018-03-28T21:33:50","date_gmt":"2018-03-28T20:33:50","guid":{"rendered":"http:\/\/nowa.zsce.pl\/?page_id=517"},"modified":"2023-09-20T13:25:53","modified_gmt":"2023-09-20T12:25:53","slug":"egzamin-zawodowy","status":"publish","type":"page","link":"https:\/\/zsce.pl\/?page_id=517","title":{"rendered":"Egzamin zawodowy"},"content":{"rendered":"<div id=\"panel-6152-0-0-0\" class=\"so-panel widget widget_sow-editor panel-first-child\" data-index=\"0\">\n<div class=\"so-widget-sow-editor so-widget-sow-editor-base\">\n<div class=\"siteorigin-widget-tinymce textwidget\">\n<p style=\"text-align: justify;\"><strong>INFORMACJE OG\u00d3LNE O EGZAMINIE ZAWODOWYM<\/strong><\/p>\n<p style=\"text-align: justify;\">Uczniowie Technikum zdaj\u0105 egzamin zawodowy \u00a0do kt\u00f3rego\u00a0 zobowi\u0105zuje <strong><u>podstawa programowa kszta\u0142cenia w zawodach szkolnictwa bran\u017cowego z 16 maja 2019 r.<\/u><\/strong><\/p>\n<p style=\"text-align: justify;\">Prawa i obowi\u0105zki zdaj\u0105cego przyst\u0119puj\u0105cego do egzaminu zawodowego okre\u015blaj\u0105 akty prawne:<br \/>\nUstawa z dnia 7 wrze\u015bnia 1991 r. o systemie o\u015bwiaty (t.j. Dz.U. z 2023 r., poz. 2230.);<\/p>\n<ul>\n<li style=\"list-style-type: none;\">\n<ul>\n<li>Rozporz\u0105dzenie Ministra Edukacji Narodowej z dnia 28 sierpnia 2019 roku w sprawie szczeg\u00f3\u0142owych warunk\u00f3w i sposobu przeprowadzania egzaminu zawodowego i egzaminu potwierdzaj\u0105cego kwalifikacje w zawodzie (Dz.U. z 2019 r. poz. 1707).<\/li>\n<\/ul>\n<\/li>\n<\/ul>\n<p style=\"text-align: justify;\">Egzamin zawodowy jest form\u0105 oceny poziomu opanowania wiadomo\u015bci i umiej\u0119tno\u015bci z zakresu jednej kwalifikacji wyodr\u0119bnionej w zawodzie ustalonych w podstawie programowej kszta\u0142cenia w zawodzie szkolnictwa bran\u017cowego. Jest przeprowadzany na podstawie wymaga\u0144 okre\u015blonych w podstawie programowej kszta\u0142cenia w zawodzie szkolnictwa bran\u017cowego.<\/p>\n<p style=\"text-align: justify;\">W podstawie programowej kszta\u0142cenia w zawodzie szkolnictwa bran\u017cowego dla ka\u017cdej kwalifikacji s\u0105 wskazane jednostki efekt\u00f3w kszta\u0142cenia obejmuj\u0105ce: 1) bezpiecze\u0144stwo i higien\u0119 pracy; 2) jednostki efekt\u00f3w kszta\u0142cenia typowe dla danej kwalifikacji; 3) j\u0119zyk obcy zawodowy; 4) kompetencje personalne i spo\u0142eczne; 5) organizacj\u0119 pracy ma\u0142ych zespo\u0142\u00f3w.<\/p>\n<p style=\"text-align: justify;\">Egzamin zawodowy jest egzaminem umo\u017cliwiaj\u0105cym uzyskanie certyfikatu kwalifikacji zawodowej w zakresie jednej kwalifikacji, a w przypadku uzyskania certyfikat\u00f3w kwalifikacji zawodowych ze wszystkich kwalifikacji wyodr\u0119bnionych w danym zawodzie oraz posiadania odpowiedni dla danego zawodu wykszta\u0142cenia zasadniczego zawodowego lub wykszta\u0142cenia zasadniczego bran\u017cowego, wykszta\u0142cenia \u015bredniego bran\u017cowego lub wykszta\u0142cenia \u015bredniego &#8211; r\u00f3wnie\u017c dyplomu zawodowego. Egzamin zawodowy jest egzaminem zewn\u0119trznym. Umo\u017cliwia uzyskanie por\u00f3wnywalnej i obiektywnej oceny poziomu osi\u0105gni\u0119\u0107 zdaj\u0105cego poprzez zastosowanie jednolitych wymaga\u0144, kryteri\u00f3w oceniania i zasad przeprowadzania egzaminu, opracowanych przez instytucje zewn\u0119trzne, funkcjonuj\u0105ce niezale\u017cnie od systemu kszta\u0142cenia. Rol\u0119 instytucji zewn\u0119trznych pe\u0142ni\u0105: Centralna Komisja Egzaminacyjna i osiem okr\u0119gowych komisji egzaminacyjnych, powo\u0142anych przez Ministra Edukacji Narodowej w 1999 roku. Na terenie swojej dzia\u0142alno\u015bci okr\u0119gowe komisje egzaminacyjne przygotowuj\u0105, organizuj\u0105 i przeprowadzaj\u0105 zewn\u0119trzne egzaminy zawodowe. Egzaminy oceniaj\u0105 zewn\u0119trzni egzaminatorzy.<\/p>\n<p><strong>Kwalifikacje wyodr\u0119bnione w zawodzie<\/strong><\/p>\n<p>W zawodzie <span style=\"color: #ff0000;\"><strong>technik technologii chemicznej<\/strong><\/span> wyodr\u0119bniono dwie kwalifikacje:<\/p>\n<table style=\"height: 72px; width: 100%; border-collapse: collapse;\" border=\"2\">\n<tbody>\n<tr style=\"height: 24px;\">\n<td style=\"width: 27.0848%; height: 24px; text-align: center;\"><strong>Symbol kwalifikacji<\/strong><\/td>\n<td style=\"width: 72.9152%; height: 24px; text-align: center;\"><strong>Nazwa kwalifikacji<\/strong><\/td>\n<\/tr>\n<tr style=\"height: 24px;\">\n<td style=\"width: 27.0848%; height: 24px; text-align: center;\">CHM.02<\/td>\n<td style=\"width: 72.9152%; height: 24px; text-align: center;\">Eksploatacja maszyn i urz\u0105dze\u0144 przemys\u0142u chemicznego<\/td>\n<\/tr>\n<tr style=\"height: 24px;\">\n<td style=\"width: 27.0848%; height: 24px; text-align: center;\">CHM.06<\/td>\n<td style=\"width: 72.9152%; height: 24px; text-align: center;\">Organizacja i kontrolowanie proces\u00f3w technologicznych w przemy\u015ble chemicznym<\/td>\n<\/tr>\n<\/tbody>\n<\/table>\n<p style=\"text-align: justify;\"><strong><br \/>\nZadania zawodowe<\/strong><\/p>\n<p style=\"text-align: justify;\">Absolwent szko\u0142y prowadz\u0105cej kszta\u0142cenie w zawodzie technik technologii chemicznej powinien by\u0107 przygotowany do wykonywania zada\u0144 zawodowych:<\/p>\n<ul>\n<li style=\"text-align: justify;\"><strong>w zakresie kwalifikacji CHM.02.<\/strong> Eksploatacja maszyn i urz\u0105dze\u0144 przemys\u0142u chemicznego:\n<ul>\n<li>wytwarzania p\u00f3\u0142produkt\u00f3w i produkt\u00f3w chemicznych,<\/li>\n<li>u\u017cytkowania maszyn i urz\u0105dze\u0144 przemys\u0142u chemicznego,<\/li>\n<li>kontrolowania przebiegu proces\u00f3w technologicznych przemys\u0142u chemicznego;<\/li>\n<\/ul>\n<\/li>\n<li><strong>w zakresie kwalifikacji CHM.06.<\/strong> Organizacja i kontrolowanie proces\u00f3w technologicznych w przemy\u015ble chemicznym:\n<ul>\n<li style=\"text-align: justify;\">przygotowania proces\u00f3w technologicznych,<\/li>\n<li style=\"text-align: justify;\">kontrolowania proces\u00f3w technologicznych,<\/li>\n<li style=\"text-align: justify;\">wykonywania bada\u0144 laboratoryjnych w przemy\u015ble chemicznym.<\/li>\n<\/ul>\n<\/li>\n<\/ul>\n<p>&nbsp;<\/p>\n<p><strong>Informacje wraz z harmonogramem dla egzaminu:<\/strong><\/p>\n<ul>\n<li><strong>w zakresie kwalifikacji CHM.02<\/strong> Eksploatacja maszyn i urz\u0105dze\u0144 przemys\u0142u chemicznego<strong> \u2013 <span style=\"color: #ff0000;\"><u>Klasy III Technikum<\/u><\/span><\/strong><\/li>\n<li><strong>w zakresie kwalifikacji CHM.06 <\/strong>Organizacja i kontrolowanie proces\u00f3w technologicznych w przemy\u015ble chemicznym<strong> \u2013 <span style=\"color: #ff0000;\"><u>Klasa V Technikum<\/u><\/span><\/strong><\/li>\n<\/ul>\n<\/div>\n<\/div>\n<\/div>\n<p>&nbsp;<\/p>\n<p><img loading=\"lazy\" decoding=\"async\" class=\"alignnone wp-image-3693\" src=\"http:\/\/zsce.pl\/wp-content\/uploads\/2021\/09\/logo.png\" alt=\"\" width=\"196\" height=\"50\" \/><\/p>\n<h4><span style=\"font-size: 14pt; color: #ff0000;\"><strong>Egzamin zawodowy w 2024 r.<\/strong><\/span><\/h4>\n<p><a href=\"http:\/\/zsce.pl\/wp-content\/uploads\/2021\/09\/3.2021_PP2019_EZ_17_08_2021-ostateczna.pdf\" target=\"_blank\" rel=\"noopener\"><span style=\"font-family: arial, helvetica, sans-serif;\"><span style=\"font-size: 10pt;\">Harmonogram egzaminu zawodowego \u2013 FORMU\u0141A 2019 \u2013 przeprowadzanego w 2022 r.<\/span><\/span><\/a><br \/>\n<span style=\"color: #999999; font-size: 8pt;\">&#8212;&#8212;&#8212;&#8212;&#8212;&#8212;&#8212;&#8212;&#8212;&#8212;&#8212;&#8212;&#8212;&#8212;&#8212;&#8212;&#8212;&#8212;&#8212;&#8212;&#8212;&#8212;&#8212;&#8212;&#8212;&#8212;&#8212;&#8212;&#8212;&#8212;&#8212;&#8212;&#8212;&#8212;&#8212;&#8212;&#8212;&#8212;&#8212;&#8212;&#8212;&#8212;&#8212;&#8212;&#8212;&#8212;&#8212;&#8212;&#8212;&#8212;&#8212;&#8212;&#8212;&#8212;&#8212;&#8212;&#8212;&#8212;&#8212;&#8212;&#8212;&#8212;&#8212;&#8212;&#8212;&#8212;&#8212;&#8212;&#8212;&#8212;&#8212;&#8212;&#8212;&#8212;&#8212;&#8212;&#8212;&#8212;&#8212;&#8212;&#8212;&#8212;&#8212;&#8212;&#8212;&#8211;<\/span><br \/>\n<a href=\"http:\/\/zsce.pl\/wp-content\/uploads\/2021\/09\/6.2022_-PP2019_Informacja_o_EZ_20_08_2021-ostateczny.pdf\" target=\"_blank\" rel=\"noopener\"><span style=\"font-family: arial, helvetica, sans-serif;\"><span style=\"font-size: 10pt;\">Informacja o sposobie organizacji i przeprowadzania egzaminu zawodowego \u2013 FORMU\u0141A 2019 \u2013 przeprowadzanego w 2022 r.<\/span><\/span><\/a><br \/>\n<span style=\"color: #999999; font-size: 8pt;\">&#8212;&#8212;&#8212;&#8212;&#8212;&#8212;&#8212;&#8212;&#8212;&#8212;&#8212;&#8212;&#8212;&#8212;&#8212;&#8212;&#8212;&#8212;&#8212;&#8212;&#8212;&#8212;&#8212;&#8212;&#8212;&#8212;&#8212;&#8212;&#8212;&#8212;&#8212;&#8212;&#8212;&#8212;&#8212;&#8212;&#8212;&#8212;&#8212;&#8212;&#8212;&#8212;&#8212;&#8212;&#8212;&#8212;&#8212;&#8212;&#8212;&#8212;&#8212;&#8212;&#8212;&#8212;&#8212;&#8212;&#8212;&#8212;&#8212;&#8212;&#8212;&#8212;&#8212;&#8212;&#8212;&#8212;&#8212;&#8212;&#8212;&#8212;&#8212;&#8212;&#8212;&#8212;&#8212;&#8212;&#8212;&#8212;&#8212;&#8212;&#8212;&#8212;&#8212;&#8212;&#8212;&#8211;<\/span><br \/>\n<a href=\"http:\/\/zsce.pl\/wp-content\/uploads\/2021\/09\/9.-2021_PP2019_JAWNE.pdf\" target=\"_blank\" rel=\"noopener\"><span style=\"font-family: arial, helvetica, sans-serif;\"><span style=\"font-size: 10pt;\">Komunikat w sprawie zada\u0144 jawnych \u2013 egzamin zawodowy \u2013 FORMU\u0141A 2019 \u2013 przeprowadzany w 2022 r.<\/span><\/span><\/a><br \/>\n<span style=\"color: #999999; font-size: 8pt;\">&#8212;&#8212;&#8212;&#8212;&#8212;&#8212;&#8212;&#8212;&#8212;&#8212;&#8212;&#8212;&#8212;&#8212;&#8212;&#8212;&#8212;&#8212;&#8212;&#8212;&#8212;&#8212;&#8212;&#8212;&#8212;&#8212;&#8212;&#8212;&#8212;&#8212;&#8212;&#8212;&#8212;&#8212;&#8212;&#8212;&#8212;&#8212;&#8212;&#8212;&#8212;&#8212;&#8212;&#8212;&#8212;&#8212;&#8212;&#8212;&#8212;&#8212;&#8212;&#8212;&#8212;&#8212;&#8212;&#8212;&#8212;&#8212;&#8212;&#8212;&#8212;&#8212;&#8212;&#8212;&#8212;&#8212;&#8212;&#8212;&#8212;&#8212;&#8212;&#8212;&#8212;&#8212;&#8212;&#8212;&#8212;&#8212;&#8212;&#8212;&#8212;&#8212;&#8212;&#8212;&#8212;&#8211;<\/span><br \/>\n<a href=\"http:\/\/zsce.pl\/wp-content\/uploads\/2021\/09\/8.-2022_Dostosowania-PP2019_17-VIII-2021-ostateczny.pdf\" target=\"_blank\" rel=\"noopener\"><span style=\"font-family: arial, helvetica, sans-serif;\"><span style=\"font-size: 10pt;\">Komunikat o dostosowaniach egzaminu zawodowego \u2013 FORMU\u0141A 2019 \u2013 przeprowadzanego w 2022 r.<\/span><\/span><\/a><br \/>\n<span style=\"font-size: 8pt; color: #999999;\">&#8212;&#8212;&#8212;&#8212;&#8212;&#8212;&#8212;&#8212;&#8212;&#8212;&#8212;&#8212;&#8212;&#8212;&#8212;&#8212;&#8212;&#8212;&#8212;&#8212;&#8212;&#8212;&#8212;&#8212;&#8212;&#8212;&#8212;&#8212;&#8212;&#8212;&#8212;&#8212;&#8212;&#8212;&#8212;&#8212;&#8212;&#8212;&#8212;&#8212;&#8212;&#8212;&#8212;&#8212;&#8212;&#8212;&#8212;&#8212;&#8212;&#8212;&#8212;&#8212;&#8212;&#8212;&#8212;&#8212;&#8212;&#8212;&#8212;&#8212;&#8212;&#8212;&#8212;&#8212;&#8212;&#8212;&#8212;&#8212;&#8212;&#8212;&#8212;&#8212;&#8212;&#8212;&#8212;&#8212;&#8212;&#8212;&#8212;&#8212;&#8212;&#8212;&#8212;&#8212;&#8212;&#8211;<\/span><br \/>\n<a href=\"http:\/\/zsce.pl\/wp-content\/uploads\/2021\/09\/Olimpiady-2020_2021.pdf\" target=\"_blank\" rel=\"noopener\"><span style=\"font-family: arial, helvetica, sans-serif;\"><span style=\"font-size: 10pt;\">Komunikat Ministra Edukacji Narodowej z 22 kwietnia 2020 r. w sprawie wykazu olimpiad tematycznych i turniej\u00f3w zwi\u0105zanych z wybranym przedmiotem lub dziedzin\u0105 wiedzy uprawniaj\u0105cych do zwolnienia z cz\u0119\u015bci pisemnej egzaminu w r. szk. 2021\/2022<\/span><\/span><\/a><br \/>\n<span style=\"color: #ff0000; font-size: 8pt;\">&#8212;&#8212;&#8212;&#8212;&#8212;&#8212;&#8212;&#8212;&#8212;&#8212;&#8212;&#8212;&#8212;&#8212;&#8212;&#8212;&#8212;&#8212;&#8212;&#8212;&#8212;&#8212;&#8212;&#8212;&#8212;&#8212;&#8212;&#8212;&#8212;&#8212;&#8212;&#8212;&#8212;&#8212;&#8212;&#8212;&#8212;&#8212;&#8212;&#8212;&#8212;&#8212;&#8212;&#8212;&#8212;&#8212;&#8212;&#8212;&#8212;&#8212;&#8212;&#8212;&#8212;&#8212;&#8212;&#8212;&#8212;&#8212;&#8212;&#8212;&#8212;&#8212;&#8212;&#8212;&#8212;&#8212;&#8212;&#8212;&#8212;&#8212;&#8212;&#8212;&#8212;&#8212;&#8212;&#8212;&#8212;&#8212;&#8212;&#8212;&#8212;&#8212;&#8212;&#8212;&#8212;&#8211;<\/span><\/p>\n<div id=\"panel-6152-0-0-0\" class=\"so-panel widget widget_sow-editor panel-first-child\" data-index=\"0\">\n<div class=\"so-widget-sow-editor so-widget-sow-editor-base\">\n<div class=\"siteorigin-widget-tinymce textwidget\">\n<p><img loading=\"lazy\" decoding=\"async\" class=\"alignnone wp-image-3689\" src=\"http:\/\/zsce.pl\/wp-content\/uploads\/2021\/09\/www.png\" alt=\"\" width=\"24\" height=\"24\" srcset=\"https:\/\/zsce.pl\/wp-content\/uploads\/2021\/09\/www.png 512w, https:\/\/zsce.pl\/wp-content\/uploads\/2021\/09\/www-365x365.png 365w\" sizes=\"auto, (max-width: 24px) 100vw, 24px\" \/>\u00a0 <a href=\"https:\/\/cke.gov.pl\/egzamin-zawodowy\/egzamin-zawodowy-formula-2019\/o-egzaminie\/\" target=\"_blank\" rel=\"noopener\"><span style=\"font-family: arial, helvetica, sans-serif;\"><em>Wi\u0119cej informacji o egzaminie zawodowym w Formule 2019<\/em><\/span><\/a><\/p>\n<p><img loading=\"lazy\" decoding=\"async\" class=\"wp-image-3360 alignnone\" src=\"http:\/\/zsce.pl\/wp-content\/uploads\/2021\/05\/pdf.png\" alt=\"\" width=\"20\" height=\"20\" srcset=\"https:\/\/zsce.pl\/wp-content\/uploads\/2021\/05\/pdf.png 512w, https:\/\/zsce.pl\/wp-content\/uploads\/2021\/05\/pdf-365x365.png 365w\" sizes=\"auto, (max-width: 20px) 100vw, 20px\" \/> \u00a0<span style=\"font-family: arial, helvetica, sans-serif;\"><a href=\"http:\/\/zsce.pl\/wp-content\/uploads\/2021\/09\/technik_technologii_chemicznej.pdf\" target=\"_blank\" rel=\"noopener\"><span style=\"color: #ff0000;\"><strong>INFORMATOR O EGZAMINIE ZAWODOWYM &#8211; TECHNIK TECHNOLOGII CHEMICZNEJ<\/strong><\/span><\/a><\/span><\/p>\n<p>&nbsp;<\/p>\n<\/div>\n<\/div>\n<\/div>\n","protected":false},"excerpt":{"rendered":"<p>INFORMACJE OG\u00d3LNE O EGZAMINIE ZAWODOWYM Uczniowie Technikum zdaj\u0105 egzamin zawodowy \u00a0do kt\u00f3rego\u00a0 zobowi\u0105zuje podstawa programowa kszta\u0142cenia w zawodach szkolnictwa bran\u017cowego z 16 maja 2019 r. Prawa i obowi\u0105zki zdaj\u0105cego przyst\u0119puj\u0105cego do egzaminu zawodowego okre\u015blaj\u0105 akty prawne: Ustawa z dnia 7 wrze\u015bnia 1991 r. o systemie o\u015bwiaty (t.j. Dz.U. z 2023 r., poz. 2230.); Rozporz\u0105dzenie Ministra Edukacji Narodowej z dnia 28&hellip;<\/p>\n","protected":false},"author":1,"featured_media":0,"parent":18,"menu_order":8,"comment_status":"closed","ping_status":"closed","template":"","meta":{"_mc_calendar":[],"footnotes":""},"class_list":["post-517","page","type-page","status-publish","hentry"],"_links":{"self":[{"href":"https:\/\/zsce.pl\/index.php?rest_route=\/wp\/v2\/pages\/517","targetHints":{"allow":["GET"]}}],"collection":[{"href":"https:\/\/zsce.pl\/index.php?rest_route=\/wp\/v2\/pages"}],"about":[{"href":"https:\/\/zsce.pl\/index.php?rest_route=\/wp\/v2\/types\/page"}],"author":[{"embeddable":true,"href":"https:\/\/zsce.pl\/index.php?rest_route=\/wp\/v2\/users\/1"}],"replies":[{"embeddable":true,"href":"https:\/\/zsce.pl\/index.php?rest_route=%2Fwp%2Fv2%2Fcomments&post=517"}],"version-history":[{"count":62,"href":"https:\/\/zsce.pl\/index.php?rest_route=\/wp\/v2\/pages\/517\/revisions"}],"predecessor-version":[{"id":4871,"href":"https:\/\/zsce.pl\/index.php?rest_route=\/wp\/v2\/pages\/517\/revisions\/4871"}],"up":[{"embeddable":true,"href":"https:\/\/zsce.pl\/index.php?rest_route=\/wp\/v2\/pages\/18"}],"wp:attachment":[{"href":"https:\/\/zsce.pl\/index.php?rest_route=%2Fwp%2Fv2%2Fmedia&parent=517"}],"curies":[{"name":"wp","href":"https:\/\/api.w.org\/{rel}","templated":true}]}}