{"id":513,"date":"2018-03-28T21:33:09","date_gmt":"2018-03-28T20:33:09","guid":{"rendered":"http:\/\/nowa.zsce.pl\/?page_id=513"},"modified":"2020-10-04T08:54:09","modified_gmt":"2020-10-04T07:54:09","slug":"samorzad-uczniowski","status":"publish","type":"page","link":"https:\/\/zsce.pl\/?page_id=513","title":{"rendered":"Samorz\u0105d uczniowski"},"content":{"rendered":"<p style=\"text-align: center;\"><span id=\"container-1077-outerCt\" role=\"presentation\">Wiktoria Zieli\u0144ska &#8211; klasa III E &#8211; Przewodnicz\u0105ca SU<br \/>\nZuzanna Tyburska &#8211; klasa III B &#8211; Zast\u0119pca Przewodnicz\u0105cego SU<br \/>\nAleksandra Majchrzak &#8211; klasa III G &#8211; Skarbnik SU<\/span><\/p>\n<p style=\"text-align: center;\">Ewa Lenarcik &#8211; klasa III G<br \/>\nNatalia Dziarkowska &#8211; klasa III A<br \/>\nZuzanna Miko\u0142ajczyk &#8211; klasa II B<br \/>\nWiktoria Wysocka &#8211; klasa I A<\/p>\n","protected":false},"excerpt":{"rendered":"<p>Wiktoria Zieli\u0144ska &#8211; klasa III E &#8211; Przewodnicz\u0105ca SU Zuzanna Tyburska &#8211; klasa III B &#8211; Zast\u0119pca Przewodnicz\u0105cego SU Aleksandra Majchrzak &#8211; klasa III G &#8211; Skarbnik SU Ewa Lenarcik &#8211; klasa III G Natalia Dziarkowska &#8211; klasa III A Zuzanna Miko\u0142ajczyk &#8211; klasa II B Wiktoria Wysocka &#8211; klasa I A<\/p>\n","protected":false},"author":1,"featured_media":0,"parent":18,"menu_order":6,"comment_status":"closed","ping_status":"closed","template":"","meta":{"_mc_calendar":[],"footnotes":""},"class_list":["post-513","page","type-page","status-publish","hentry"],"_links":{"self":[{"href":"https:\/\/zsce.pl\/index.php?rest_route=\/wp\/v2\/pages\/513","targetHints":{"allow":["GET"]}}],"collection":[{"href":"https:\/\/zsce.pl\/index.php?rest_route=\/wp\/v2\/pages"}],"about":[{"href":"https:\/\/zsce.pl\/index.php?rest_route=\/wp\/v2\/types\/page"}],"author":[{"embeddable":true,"href":"https:\/\/zsce.pl\/index.php?rest_route=\/wp\/v2\/users\/1"}],"replies":[{"embeddable":true,"href":"https:\/\/zsce.pl\/index.php?rest_route=%2Fwp%2Fv2%2Fcomments&post=513"}],"version-history":[{"count":3,"href":"https:\/\/zsce.pl\/index.php?rest_route=\/wp\/v2\/pages\/513\/revisions"}],"predecessor-version":[{"id":2753,"href":"https:\/\/zsce.pl\/index.php?rest_route=\/wp\/v2\/pages\/513\/revisions\/2753"}],"up":[{"embeddable":true,"href":"https:\/\/zsce.pl\/index.php?rest_route=\/wp\/v2\/pages\/18"}],"wp:attachment":[{"href":"https:\/\/zsce.pl\/index.php?rest_route=%2Fwp%2Fv2%2Fmedia&parent=513"}],"curies":[{"name":"wp","href":"https:\/\/api.w.org\/{rel}","templated":true}]}}