{"id":488,"date":"2018-03-28T21:14:00","date_gmt":"2018-03-28T20:14:00","guid":{"rendered":"http:\/\/nowa.zsce.pl\/?page_id=488"},"modified":"2024-11-17T18:29:42","modified_gmt":"2024-11-17T17:29:42","slug":"technikum-chemiczne","status":"publish","type":"page","link":"https:\/\/zsce.pl\/?page_id=488","title":{"rendered":"Technikum Chemiczne"},"content":{"rendered":"<p style=\"text-align: justify;\"><strong>Technikum w Zespole Szk\u00f3\u0142 Centrum Edukacji im. Ignacego \u0141ukasiewicza<\/strong> oferuje poszukiwany na rynku pracy zaw\u00f3d: <span style=\"color: #ff0000;\"><strong>technik technologii chemicznej<\/strong><\/span>.<\/p>\n<p style=\"text-align: justify;\">Nauka w technikum trwa 5 lat. Po zako\u0144czeniu nauki uczniowie przyst\u0119puj\u0105 do egzaminu maturalnego. W trakcie nauki uczniowie przyst\u0119puj\u0105 do egzaminu zawodowego, po zdaniu kt\u00f3rego otrzymuj\u0105 tytu\u0142 technika technologii chemicznej. Zdanie tych egzamin\u00f3w upowa\u017cnia do uzyskania suplementu do \u015bwiadectwa w j\u0119zyku jednego z kraj\u00f3w Unii Europejskiej, kt\u00f3ry pozwoli studiowa\u0107 w szko\u0142ach wy\u017cszych na terenie Wsp\u00f3lnoty lub podj\u0105\u0107 prac\u0119 w wyuczonym zawodzie. Zdobycie zawodu technika technologii chemicznej gwarantuje przede wszystkim mo\u017cliwo\u015b\u0107 podj\u0119cia pracy w jednym z najwi\u0119kszych koncern\u00f3w europejskich \u2013 ORLEN S.A. lub innych zak\u0142adach przemys\u0142u chemicznego na terenie ca\u0142ej UE.<\/p>\n<p style=\"text-align: justify;\">Zaw\u00f3d technik technologii chemicznej nale\u017cy do bran\u017cy chemicznej, kt\u00f3ra jest jedn\u0105 z najwa\u017cniejszych ga\u0142\u0119zi przemys\u0142u przetw\u00f3rczego. Przemys\u0142 chemiczny w Polsce zalicza si\u0119 od wielu lat do najbardziej innowacyjnych sektor\u00f3w gospodarki. Rozw\u00f3j nowych technologii wi\u0105\u017ce si\u0119 z mechanizacj\u0105 i automatyzacj\u0105 produkcji oraz z zastosowaniem nowoczesnych technik kontroli parametr\u00f3w procesowych i metod analitycznych.<\/p>\n<p style=\"text-align: justify;\">Kszta\u0142cenie w szkole przebiega zgodnie z najlepszymi standardami edukacyjnymi, w profesjonalnie wyposa\u017conych pracowniach chemicznych i przedmiotowych. Uczniowie szko\u0142y mog\u0105 korzysta\u0107 z nowocze\u015bnie wyposa\u017conej sali komputerowej i centrum multimedialnego. Praktyki zawodowe dla m\u0142odzie\u017cy organizowane s\u0105 w ramach umowy pomi\u0119dzy Zespo\u0142em Szk\u00f3\u0142 Centrum Edukacji im. Ignacego \u0141ukasiewicza, a ORLEN S.A. i ORLEN Laboratorium S.A.<\/p>\n<p style=\"text-align: justify;\">M\u0142odzie\u017c rozwija swoje zainteresowania r\u00f3wnie\u017c podczas r\u00f3\u017cnego rodzaju zaj\u0119\u0107 pozalekcyjnych, wycieczek tematycznych, konkurs\u00f3w i projekt\u00f3w, zawod\u00f3w sportowych, itp.<\/p>\n<p><span style=\"color: #ff0000;\"><strong>Wi\u0119cej o potencjalnych pracodawcach po uko\u0144czeniu Technikum Chemicznego mo\u017cna <\/strong><strong>przeczyta\u0107 <\/strong><strong><a style=\"color: #ff0000;\" href=\"https:\/\/zsce.pl\/?page_id=5247\"><u>TUTAJ<\/u><\/a>.<\/strong><\/span><\/p>\n","protected":false},"excerpt":{"rendered":"<p>Technikum w Zespole Szk\u00f3\u0142 Centrum Edukacji im. Ignacego \u0141ukasiewicza oferuje poszukiwany na rynku pracy zaw\u00f3d: technik technologii chemicznej. Nauka w technikum trwa 5 lat. Po zako\u0144czeniu nauki uczniowie przyst\u0119puj\u0105 do egzaminu maturalnego. W trakcie nauki uczniowie przyst\u0119puj\u0105 do egzaminu zawodowego, po zdaniu kt\u00f3rego otrzymuj\u0105 tytu\u0142 technika technologii chemicznej. Zdanie tych egzamin\u00f3w upowa\u017cnia do uzyskania suplementu do \u015bwiadectwa w j\u0119zyku jednego&hellip;<\/p>\n","protected":false},"author":1,"featured_media":0,"parent":16,"menu_order":5,"comment_status":"closed","ping_status":"closed","template":"","meta":{"_mc_calendar":[],"footnotes":""},"class_list":["post-488","page","type-page","status-publish","hentry"],"_links":{"self":[{"href":"https:\/\/zsce.pl\/index.php?rest_route=\/wp\/v2\/pages\/488","targetHints":{"allow":["GET"]}}],"collection":[{"href":"https:\/\/zsce.pl\/index.php?rest_route=\/wp\/v2\/pages"}],"about":[{"href":"https:\/\/zsce.pl\/index.php?rest_route=\/wp\/v2\/types\/page"}],"author":[{"embeddable":true,"href":"https:\/\/zsce.pl\/index.php?rest_route=\/wp\/v2\/users\/1"}],"replies":[{"embeddable":true,"href":"https:\/\/zsce.pl\/index.php?rest_route=%2Fwp%2Fv2%2Fcomments&post=488"}],"version-history":[{"count":18,"href":"https:\/\/zsce.pl\/index.php?rest_route=\/wp\/v2\/pages\/488\/revisions"}],"predecessor-version":[{"id":5255,"href":"https:\/\/zsce.pl\/index.php?rest_route=\/wp\/v2\/pages\/488\/revisions\/5255"}],"up":[{"embeddable":true,"href":"https:\/\/zsce.pl\/index.php?rest_route=\/wp\/v2\/pages\/16"}],"wp:attachment":[{"href":"https:\/\/zsce.pl\/index.php?rest_route=%2Fwp%2Fv2%2Fmedia&parent=488"}],"curies":[{"name":"wp","href":"https:\/\/api.w.org\/{rel}","templated":true}]}}