{"id":435,"date":"2016-08-20T15:26:55","date_gmt":"2016-08-20T15:26:55","guid":{"rendered":"http:\/\/nowa.zsce.pl\/?page_id=435"},"modified":"2019-03-01T23:08:13","modified_gmt":"2019-03-01T22:08:13","slug":"zasady-uczestnictwa","status":"publish","type":"page","link":"https:\/\/zsce.pl\/?page_id=435","title":{"rendered":"Zasady uczestnictwa"},"content":{"rendered":"<p>Koszty uczestnictwa:<\/p>\n<p><span style=\"color: #ff0000;\"><strong>100 z\u0142 &#8211; udzia\u0142 w uroczysto\u015bciach zjazdowych<\/strong><\/span><br \/>\nCena obejmuje materia\u0142y pami\u0105tkowe i okoliczno\u015bciowe wydawnictwo, wy\u017cywienie (kawa, herbata, ciasto, ciep\u0142y posi\u0142ek) oraz koszty zwi\u0105zane z organizacj\u0105 uroczysto\u015bci m.in.: koszty zwi\u0105zane z reklam\u0105, og\u0142oszeniami, zaproszeniami, drukiem wydawnictw.<\/p>\n<p><span style=\"color: #ff0000;\"><strong>200 z\u0142 &#8211; udzia\u0142 w uroczysto\u015bciach zjazdowych i biesiadzie jubileuszowej<\/strong><\/span><br \/>\nUczestnikom biesiady jubileuszowej oferujemy dodatkowo wy\u017cywienie jak podczas tradycyjnej zabawy: kolacj\u0119, zimny bufet, kaw\u0119, herbat\u0119, zimne napoje. Zapewniamy r\u00f3wnie\u017c dobr\u0105 muzyk\u0119.<\/p>\n<p><span style=\"color: #ff0000;\"><strong>300 z\u0142 &#8211; udzia\u0142 w uroczysto\u015bciach zjazdowych i biesiadzie jubileuszowej wraz z osob\u0105 towarzysz\u0105c\u0105<\/strong><\/span><br \/>\nUczestnikom biesiady jubileuszowej oferujemy dodatkowo wy\u017cywienie jak podczas tradycyjnej zabawy: kolacj\u0119, zimny bufet, kaw\u0119, herbat\u0119, zimne napoje. Zapewniamy r\u00f3wnie\u017c dobr\u0105 muzyk\u0119.<\/p>\n<h3><span style=\"color: #ff0000;\">Wp\u0142at nale\u017cy dokona\u0107 na konto:<br \/>\nPKO BP 67 1020 3974 0000 5202 0193 1625<br \/>\nz dopiskiem: Zjazd jubileuszowy<\/span><\/h3>\n<p><strong>Deklaracj\u0119 uczestnictwa w &#8222;Zje\u017adzie jubileuszowym&#8221; mo\u017cna otrzyma\u0107 w Sekretariacie Szko\u0142y lub pobra\u0107 poni\u017cej.<\/strong><\/p>\n<p style=\"text-align: center;\"><img loading=\"lazy\" decoding=\"async\" class=\"alignnone size-full wp-image-103\" src=\"http:\/\/nowa.zsce.pl\/wp-content\/uploads\/2016\/08\/doc_acrobat.png\" alt=\"doc_acrobat\" width=\"20\" height=\"20\" \/>\u00a0 <strong><span style=\"color: #ff0000;\"><a style=\"color: #ff0000;\" href=\"http:\/\/nowa.zsce.pl\/wp-content\/uploads\/2016\/08\/Deklaracja_uczestnictwa_w_uroczystosciach_zjazdowych_50_lat__2012.pdf\">Deklaracja uczestnictwa<\/a><\/span><\/strong><\/p>\n<p><span style=\"color: #ff0000;\"><strong>Wype\u0142nion\u0105 deklaracj\u0119 wraz z potwierdzeniem wp\u0142aty nale\u017cy przes\u0142a\u0107:<\/strong><\/span><\/p>\n<ul>\n<li>poczt\u0105 na adres: Zesp\u00f3\u0142 Szk\u00f3\u0142 Centrum Edukacji im. Ignacego \u0141ukasiewicza, 09-400 P\u0142ock,<br \/>\nAl. F. Kobyli\u0144skiego 25, z dopiskiem &#8222;Zjazd &#8211; deklaracja uczestnictwa&#8221;,<\/li>\n<\/ul>\n<p>lub<\/p>\n<ul>\n<li>poczt\u0105 elektroniczn\u0105: zsce@zsce.pl podaj\u0105c w tytule wiadomo\u015bci &#8222;Zjazd &#8211; deklaracja uczestnictwa&#8221;,<\/li>\n<\/ul>\n<p>lub<\/p>\n<ul>\n<li>dostarczy\u0107 osobi\u015bcie do Zespo\u0142u Szk\u00f3\u0142 Centrum Edukacji im. Ignacego \u0141ukasiewicza, 09-400 P\u0142ock,<br \/>\nAl. F. Kobyli\u0144skiego 25 <span style=\"color: #ff0000;\"><strong>do 10 pa\u017adziernika 2012 r.<\/strong><\/span><\/li>\n<\/ul>\n<p style=\"text-align: center;\"><strong><img decoding=\"async\" src=\"http:\/\/zsce.pl\/userfiles\/image\/50_lat\/logo_Orlen_www.jpg\" alt=\"\" \/><\/strong><\/p>\n<p style=\"text-align: center;\"><strong>PATRONAT MEDIALNY<\/strong><\/p>\n<p><img decoding=\"async\" class=\"aligncenter\" src=\"http:\/\/zsce.pl\/userfiles\/image\/50_lat\/MultiTV_02c.jpg\" alt=\"\" \/><\/p>\n","protected":false},"excerpt":{"rendered":"<p>Koszty uczestnictwa: 100 z\u0142 &#8211; udzia\u0142 w uroczysto\u015bciach zjazdowych Cena obejmuje materia\u0142y pami\u0105tkowe i okoliczno\u015bciowe wydawnictwo, wy\u017cywienie (kawa, herbata, ciasto, ciep\u0142y posi\u0142ek) oraz koszty zwi\u0105zane z organizacj\u0105 uroczysto\u015bci m.in.: koszty zwi\u0105zane z reklam\u0105, og\u0142oszeniami, zaproszeniami, drukiem wydawnictw. 200 z\u0142 &#8211; udzia\u0142 w uroczysto\u015bciach zjazdowych i biesiadzie jubileuszowej Uczestnikom biesiady jubileuszowej oferujemy dodatkowo wy\u017cywienie jak podczas tradycyjnej zabawy: kolacj\u0119, zimny bufet,&hellip;<\/p>\n","protected":false},"author":1,"featured_media":0,"parent":428,"menu_order":2,"comment_status":"closed","ping_status":"closed","template":"","meta":{"_mc_calendar":[],"footnotes":""},"class_list":["post-435","page","type-page","status-publish","hentry"],"_links":{"self":[{"href":"https:\/\/zsce.pl\/index.php?rest_route=\/wp\/v2\/pages\/435","targetHints":{"allow":["GET"]}}],"collection":[{"href":"https:\/\/zsce.pl\/index.php?rest_route=\/wp\/v2\/pages"}],"about":[{"href":"https:\/\/zsce.pl\/index.php?rest_route=\/wp\/v2\/types\/page"}],"author":[{"embeddable":true,"href":"https:\/\/zsce.pl\/index.php?rest_route=\/wp\/v2\/users\/1"}],"replies":[{"embeddable":true,"href":"https:\/\/zsce.pl\/index.php?rest_route=%2Fwp%2Fv2%2Fcomments&post=435"}],"version-history":[{"count":4,"href":"https:\/\/zsce.pl\/index.php?rest_route=\/wp\/v2\/pages\/435\/revisions"}],"predecessor-version":[{"id":1441,"href":"https:\/\/zsce.pl\/index.php?rest_route=\/wp\/v2\/pages\/435\/revisions\/1441"}],"up":[{"embeddable":true,"href":"https:\/\/zsce.pl\/index.php?rest_route=\/wp\/v2\/pages\/428"}],"wp:attachment":[{"href":"https:\/\/zsce.pl\/index.php?rest_route=%2Fwp%2Fv2%2Fmedia&parent=435"}],"curies":[{"name":"wp","href":"https:\/\/api.w.org\/{rel}","templated":true}]}}