{"id":24,"date":"2016-08-20T09:13:58","date_gmt":"2016-08-20T09:13:58","guid":{"rendered":"http:\/\/nowa.zsce.pl\/?page_id=24"},"modified":"2024-02-20T15:19:43","modified_gmt":"2024-02-20T14:19:43","slug":"konkursy","status":"publish","type":"page","link":"https:\/\/zsce.pl\/?page_id=24","title":{"rendered":"Konkursy"},"content":{"rendered":"<p style=\"text-align: center;\"><img loading=\"lazy\" decoding=\"async\" class=\"alignnone wp-image-3872\" src=\"https:\/\/zsce.pl\/wp-content\/uploads\/2021\/12\/competition-365x365.png\" alt=\"\" width=\"185\" height=\"185\" srcset=\"https:\/\/zsce.pl\/wp-content\/uploads\/2021\/12\/competition-365x365.png 365w, https:\/\/zsce.pl\/wp-content\/uploads\/2021\/12\/competition.png 512w\" sizes=\"auto, (max-width: 185px) 100vw, 185px\" \/><\/p>\n<p style=\"text-align: justify;\"><strong>Wykaz konkurs\u00f3w wiedzy organizowanych przez Zesp\u00f3\u0142 Szk\u00f3\u0142 Centrum Edukacji im. Ignacego \u0141ukasiewicza:<\/strong><\/p>\n<ul>\n<li style=\"text-align: justify;\"><span style=\"color: #ff0000;\"><strong><a style=\"color: #ff0000;\" href=\"https:\/\/zsce.pl\/?page_id=566\">Konkurs chemiczny im. Ignacego \u0141ukasiewicza dla uczni\u00f3w szk\u00f3\u0142 ponadpodstawowych<\/a> <\/strong><\/span><\/li>\n<\/ul>\n<p style=\"padding-left: 40px;\"><strong>&#8211; we wsp\u00f3\u0142pracy z Politechnik\u0105 Warszawsk\u0105 Fili\u0105 w P\u0142ocku<\/strong><\/p>\n<ul>\n<li style=\"text-align: justify;\"><span style=\"color: #ff0000;\"><strong><a style=\"color: #ff0000;\" href=\"https:\/\/zsce.pl\/?page_id=4530\">Konkurs chemiczny &#8222;CHEMIK&#8221; dla uczni\u00f3w szk\u00f3\u0142 podstawowych<\/a><\/strong><\/span><\/li>\n<li style=\"text-align: justify;\"><span style=\"color: #ff0000;\"><strong><a style=\"color: #ff0000;\" href=\"https:\/\/zsce.pl\/?page_id=568\">Konkurs j\u0119zykowy &#8222;EXPERT&#8221; dla uczni\u00f3w szk\u00f3\u0142 ponadpodstawowych<\/a> <\/strong><\/span><\/li>\n<\/ul>\n<p style=\"padding-left: 40px;\"><strong>&#8211; we wsp\u00f3\u0142pracy z Akademi\u0105 Mazowieck\u0105 w P\u0142ocku<\/strong><\/p>\n<ul>\n<li style=\"text-align: justify;\"><strong><a href=\"https:\/\/zsce.pl\/?page_id=570\"><span style=\"color: #ff0000;\">Konkurs j\u0119zykowy &#8222;JUNIOR&#8221; dla uczni\u00f3w szk\u00f3\u0142 podstawowych<\/span><\/a> <\/strong><\/li>\n<\/ul>\n<p style=\"padding-left: 40px;\"><strong>&#8211; we wsp\u00f3\u0142pracy z Akademi\u0105 Mazowieck\u0105 w P\u0142ocku<\/strong><\/p>\n<ul>\n<li style=\"text-align: justify;\"><strong><a href=\"https:\/\/zsce.pl\/?page_id=576\"><span style=\"color: #ff0000;\">Konkurs matematyczny &#8222;CONTINUUM&#8221; dla uczni\u00f3w szk\u00f3\u0142 podstawowych i ponadpodstawowych<\/span><\/a> <\/strong><\/li>\n<\/ul>\n<p style=\"padding-left: 40px;\"><strong>&#8211; we wsp\u00f3\u0142pracy z Politechnik\u0105 Warszawsk\u0105 Fili\u0105 w P\u0142ocku<\/strong><\/p>\n<ul>\n<li style=\"text-align: justify;\"><span style=\"color: #ff0000;\"><strong><a style=\"color: #ff0000;\" href=\"https:\/\/zsce.pl\/?page_id=572\">Mi\u0119dzypowiatowy Konkurs Wiedzy o Unii Europejskiej<\/a> <\/strong><\/span><\/li>\n<\/ul>\n<p style=\"padding-left: 40px;\"><strong>&#8211; we wsp\u00f3\u0142pracy z III Liceum Og\u00f3lnokszta\u0142c\u0105cym im. Marii D\u0105browskiej w P\u0142ocku<\/strong><\/p>\n","protected":false},"excerpt":{"rendered":"<p>Wykaz konkurs\u00f3w wiedzy organizowanych przez Zesp\u00f3\u0142 Szk\u00f3\u0142 Centrum Edukacji im. Ignacego \u0141ukasiewicza: Konkurs chemiczny im. Ignacego \u0141ukasiewicza dla uczni\u00f3w szk\u00f3\u0142 ponadpodstawowych &#8211; we wsp\u00f3\u0142pracy z Politechnik\u0105 Warszawsk\u0105 Fili\u0105 w P\u0142ocku Konkurs chemiczny &#8222;CHEMIK&#8221; dla uczni\u00f3w szk\u00f3\u0142 podstawowych Konkurs j\u0119zykowy &#8222;EXPERT&#8221; dla uczni\u00f3w szk\u00f3\u0142 ponadpodstawowych &#8211; we wsp\u00f3\u0142pracy z Akademi\u0105 Mazowieck\u0105 w P\u0142ocku Konkurs j\u0119zykowy &#8222;JUNIOR&#8221; dla uczni\u00f3w szk\u00f3\u0142 podstawowych &#8211;&hellip;<\/p>\n","protected":false},"author":1,"featured_media":0,"parent":0,"menu_order":0,"comment_status":"closed","ping_status":"closed","template":"","meta":{"_mc_calendar":[],"footnotes":""},"class_list":["post-24","page","type-page","status-publish","hentry"],"_links":{"self":[{"href":"https:\/\/zsce.pl\/index.php?rest_route=\/wp\/v2\/pages\/24","targetHints":{"allow":["GET"]}}],"collection":[{"href":"https:\/\/zsce.pl\/index.php?rest_route=\/wp\/v2\/pages"}],"about":[{"href":"https:\/\/zsce.pl\/index.php?rest_route=\/wp\/v2\/types\/page"}],"author":[{"embeddable":true,"href":"https:\/\/zsce.pl\/index.php?rest_route=\/wp\/v2\/users\/1"}],"replies":[{"embeddable":true,"href":"https:\/\/zsce.pl\/index.php?rest_route=%2Fwp%2Fv2%2Fcomments&post=24"}],"version-history":[{"count":11,"href":"https:\/\/zsce.pl\/index.php?rest_route=\/wp\/v2\/pages\/24\/revisions"}],"predecessor-version":[{"id":4996,"href":"https:\/\/zsce.pl\/index.php?rest_route=\/wp\/v2\/pages\/24\/revisions\/4996"}],"wp:attachment":[{"href":"https:\/\/zsce.pl\/index.php?rest_route=%2Fwp%2Fv2%2Fmedia&parent=24"}],"curies":[{"name":"wp","href":"https:\/\/api.w.org\/{rel}","templated":true}]}}