{"id":22,"date":"2016-08-20T09:13:45","date_gmt":"2016-08-20T09:13:45","guid":{"rendered":"http:\/\/nowa.zsce.pl\/?page_id=22"},"modified":"2021-01-16T17:44:09","modified_gmt":"2021-01-16T16:44:09","slug":"historia","status":"publish","type":"page","link":"https:\/\/zsce.pl\/?page_id=22","title":{"rendered":"Historia"},"content":{"rendered":"<p style=\"text-align: justify;\"><strong>Zesp\u00f3\u0142 Szk\u00f3\u0142 Centrum Edukacji im. Ignacego \u0141ukasiewicza ma bogat\u0105 histori\u0119. Powstanie szko\u0142y by\u0142o zwi\u0105zane z budow\u0105 Mazowieckich Zak\u0142ad\u00f3w Rafineryjnych i Petrochemicznych w P\u0142ocku.<\/strong><\/p>\n<p style=\"text-align: justify;\">\u00a0\u00a0\u00a0\u00a0\u00a0\u00a0\u00a0\u00a0\u00a0 W dniu 1 wrze\u015bnia 1962 roku decyzj\u0105 Ministerstwa Przemys\u0142u Chemicznego powo\u0142ana zosta\u0142a 3-letnia Zasadnicza Szko\u0142a Zawodowa dla Pracuj\u0105cych na podbudowie szko\u0142y podstawowej oraz 2,5-letnia Pa\u0144stwowa Szko\u0142a Techniczna dla absolwent\u00f3w liceum og\u00f3lnokszta\u0142c\u0105cego. Uczniowie szko\u0142y zawodowej zdobywali specjalno\u015b\u0107: aparatowy przemys\u0142u chemicznego, za\u015b Pa\u0144stwowa Szko\u0142a Techniczna kszta\u0142ci\u0142a w kierunkach:<br \/>\n&#8211; technologia przerobu ropy naftowej;<br \/>\n&#8211; analiza chemiczna.<\/p>\n<p style=\"text-align: justify;\">\u00a0\u00a0\u00a0\u00a0\u00a0\u00a0 W pierwszym roku istnienia szko\u0142y przyj\u0119to do niej 219 os\u00f3b. Na t\u0119 ilo\u015b\u0107 uczni\u00f3w przypada\u0142a 8-osobowa kadra nauczycieli etatowych maj\u0105ca do dyspozycji 6 sal lekcyjnych, sal\u0119 gimnastyczn\u0105 i dwie pracownie chemiczne. Pierwsz\u0105 siedzib\u0119 mia\u0142a szko\u0142a w Radziwiu przy ulicy Kolejowej 6. Dzi\u0119ki staraniom Zak\u0142adu oraz w\u0142adz miasta w sierpniu 1962 roku przyznano miejsce pod budow\u0119 nowej szko\u0142y, a 23 czerwca 1963 roku dokonano wmurowania aktu erekcyjnego pod jej budow\u0119.<\/p>\n<p style=\"text-align: justify;\">2 wrze\u015bnia 1964 roku rozpocz\u0119\u0142y si\u0119 zaj\u0119cia w nowym cz\u0119\u015bciowo przekazanym do eksploatacji budynku szkolnym usytuowanym w P\u0142ocku przy ul. Kobyli\u0144skiego 25.<\/p>\n<p style=\"text-align: justify;\">22 wrze\u015bnia 1964 roku dokonano komisyjnego przekazania do eksploatacji cz\u0119\u015bci gmachu g\u0142\u00f3wnego szko\u0142y &#8211; 12 sal lekcyjnych, pok\u00f3j nauczycielski, 1 sal\u0119 przeznaczon\u0105 na szatni\u0119, 4 gabinety pomocnicze, zespo\u0142y sanitarne uczniowskie i nauczycielskie, korytarz, holl oraz plac rekreacyjny przed budynkiem. Rok szkolny rozpocz\u0119\u0142o 780 uczni\u00f3w (w tym 500 ucz\u0119szcza\u0142o do zasadniczej szko\u0142y zawodowej i 280 do technikum). Zaj\u0119cia laboratoryjne odbywa\u0142y si\u0119 jeszcze w pomieszczeniach starej szko\u0142y w Radziwiu.<\/p>\n<p style=\"text-align: justify;\">1 stycznia 1965 roku do eksploatacji przekazano kolejne pomieszczenia: \u015bwietlic\u0119, pracowni\u0119 fizyczn\u0105, pracowni\u0119 rysunk\u00f3w oraz budynek warsztat\u00f3w szkolnych. W pa\u017adzierniku 1965 roku do u\u017cytku przekazano: laboratoria chemiczne, kino aul\u0119, sal\u0119 gimnastyczn\u0105 i kot\u0142owni\u0119.<\/p>\n<p style=\"text-align: justify;\">Uko\u0144czony i w ca\u0142o\u015bci przekazany do u\u017cytkowania budynek szkolny posiada\u0142 \u0142\u0105czn\u0105 kubatur\u0119 19.000 m<sup>3<\/sup>, kubatura warsztat\u00f3w szkolnych wynosi 5.680 m<sup>3<\/sup>.<\/p>\n<p style=\"text-align: justify;\">Szko\u0142a wyposa\u017cona w nowoczesne pomoce naukowe, urz\u0105dzenia w laboratoriach i warsztatach szkolnych, dysponuj\u0105ca odpowiednim zapleczem rozwija\u0142a takie kierunki kszta\u0142cenia, kt\u00f3re zapewnia\u0142y dop\u0142yw wykwalifikowanych kadr do rozbudowuj\u0105cego si\u0119 Kombinatu Petrochemicznego, by\u0142y to nast\u0119puj\u0105ce specjalno\u015bci: w zasadniczej szkole zawodowej \u2013 gospodarka wodno \u015bciekowa, \u015blusarz mechanik, kierowca mechanik, mechanik aparatury automatycznej, mechanik maszyn i urz\u0105dze\u0144 przemys\u0142owych, laborant chemiczny, sterowniczy proces\u00f3w przemys\u0142u chemicznego i aparatowy przemys\u0142u chemicznego. W Pa\u0144stwowej Szkole Technicznej przemianowanej 1 wrze\u015bnia 1969 roku pocz\u0105tkowo w Pomaturalne, a nast\u0119pnie Policealne Studium Zawodowe rozszerzono o takie kierunki jak: aparatura kontrolno &#8211; pomiarowa, analiza chemiczna, zabezpieczenia przeciwkorozyjne, technologia przerobu ropy naftowej.<\/p>\n<p style=\"text-align: justify;\">Od 1 wrze\u015bnia 1965 roku decyzj\u0105 Ministra Przemys\u0142u Chemicznego powo\u0142ane zostaj\u0105 dwa dalsze typy szk\u00f3\u0142: Technikum Chemiczne Ministerstwa Przemys\u0142u Chemicznego na podbudowie Zasadniczej Szko\u0142y Zawodowej. W tym typie szko\u0142y uczy\u0142a si\u0119 m\u0142odzie\u017c niepracuj\u0105ca. Pocz\u0105tkowo kszta\u0142cono technolog\u00f3w przerobu ropy naftowej, a nast\u0119pnie otwarto kierunek mechaniczny w specjalno\u015bci aparaty i urz\u0105dzenia przemys\u0142u chemicznego.<\/p>\n<p style=\"text-align: justify;\">Technikum Chemiczne dla Pracuj\u0105cych Mazowieckich Zak\u0142ad\u00f3w Rafineryjnych i Petrochemicznych oparte na podbudowie Zasadniczej Szko\u0142y Zawodowej o specjalno\u015bci: technologia przemys\u0142u chemicznego.<\/p>\n<p style=\"text-align: justify;\">Dalszy rozw\u00f3j szko\u0142y zwi\u0105zany jest z dat\u0105 1 wrze\u015bnia 1968 roku, kiedy to decyzj\u0105 Ministra Przemys\u0142u Chemicznego powo\u0142ane zosta\u0142o 5-letnie Technikum Chemiczne po szkole podstawowej dla niepracuj\u0105cych ze specjalno\u015bci\u0105: technologia przerobu ropy naftowej i 1 wrze\u015bnia 1972 roku kiedy powstaje 4-letnie Liceum Zawodowe przygotowuj\u0105ce pracownik\u00f3w o specjalno\u015bci: operator proces\u00f3w chemicznych. Rok szkolny 1969\/1970 rozpocz\u0119\u0142o 1100 dziewcz\u0105t i ch\u0142opc\u00f3w.<\/p>\n<p style=\"text-align: justify;\">Zgodnie z potrzebami Mazowieckich Zak\u0142ad\u00f3w Rafineryjnych i Petrochemicznych funkcjonowa\u0142y nast\u0119puj\u0105ce typy szk\u00f3\u0142:<br \/>\n&#8211; wydzia\u0142 zaoczny Technikum Chemicznego dla Pracuj\u0105cych MZRiP w zawodzie &#8211; technolog proces\u00f3w chemicznych;<br \/>\n&#8211; Policealne Studium Zawodowe dla Pracuj\u0105cych o specjalno\u015bci &#8211; technologia przerobu ropy naftowej;<br \/>\n&#8211; \u015arednie Studium Zawodowe o kierunku og\u00f3lno mechanicznym.<\/p>\n<p style=\"text-align: justify;\">Na wydziale zaocznym w Technikum dla Pracuj\u0105cych podnosili swe kwalifikacje pracownicy przemys\u0142u ceramiczno \u2013 chemicznego w Wo\u0142ominie i przemys\u0142u chemicznego we W\u0142oc\u0142awku. W szkole zdobywa\u0142a kwalifikacje m\u0142odzie\u017c z Syrii i Nigerii. Kadry pracownicze tych kraj\u00f3w zasili\u0142o<br \/>\n19 technik\u00f3w \u2013 absolwent\u00f3w naszej szko\u0142y (12 z Syrii, 7 z Nigerii).<\/p>\n<p style=\"text-align: justify;\">Od 1 wrze\u015bnia 1965 roku decyzj\u0105 Ministra Przemys\u0142u Chemicznego Szko\u0142a pracuje jako monolit \u2013 Zesp\u00f3\u0142 Szk\u00f3\u0142 Zawodowych Ministerstwa Przemys\u0142u Chemicznego im. Ignacego \u0141ukasiewicza, a nast\u0119pnie jako Zesp\u00f3\u0142 Szk\u00f3\u0142 Zawodowych Mazowieckich Zak\u0142ad\u00f3w Rafineryjnych i Petrochemicznych im. Ignacego \u0141ukasiewicza.<\/p>\n<p style=\"text-align: justify;\">W marcu 1973 roku Minister Przemys\u0142u Chemicznego powo\u0142uje Zak\u0142ad Szkolenia Zawodowego MZRiP w celu centralizacji i koordynacji szkolenia zawodowego m\u0142odzie\u017cy i pracownik\u00f3w zgodnie z potrzebami Kombinatu. Zesp\u00f3\u0142 Szk\u00f3\u0142 Zawodowych staje si\u0119 jego cz\u0119\u015bci\u0105 sk\u0142adow\u0105.<\/p>\n<p style=\"text-align: justify;\">W 1975 roku baza szko\u0142y powi\u0119kszona zosta\u0142a o hal\u0119 sportow\u0105.<br \/>\n1 sierpnia 1976 roku powo\u0142any zostaje O\u015brodek Kszta\u0142cenia Ustawicznego MZRiP, kt\u00f3rego integraln\u0105 cz\u0119\u015bci\u0105 jest Zesp\u00f3\u0142 Szk\u00f3\u0142 Zawodowych. Taki model funkcjonuje do 1 lutego 1978 roku<\/p>\n<p style=\"text-align: justify;\">W lutym 1978 roku nast\u0119puje przekazanie przez Ministra Przemys\u0142u Chemicznego prowadzenia Szko\u0142y MZRiP w P\u0142ocku, w wyniku czego zmienia si\u0119 nazwa szko\u0142y na Zesp\u00f3\u0142 Szk\u00f3\u0142 Zawodowych MZRiP w P\u0142ocku.<\/p>\n<p style=\"text-align: justify;\">1 wrze\u015bnia 1993 roku w zwi\u0105zku z prywatyzacj\u0105 sektora pa\u0144stwowego MZRiP przekszta\u0142ci\u0142y si\u0119 w sp\u00f3\u0142k\u0119 skarbu pa\u0144stwa &#8222;Petrochemia P\u0142ock S.A.&#8221;, zmieniona zosta\u0142a po raz kolejny nazwa szko\u0142y na: Zesp\u00f3\u0142 Szk\u00f3\u0142 Zawodowych im. Ignacego \u0141ukasiewicza &#8222;Petrochemia P\u0142ock S.A.&#8221;<\/p>\n<p style=\"text-align: justify;\">W roku szkolnym 1994\/1995 zosta\u0142 zrealizowany ostatni nab\u00f3r do 3-letniej Zasadniczej Szko\u0142y Zawodowej, kt\u00f3ra przesta\u0142a funkcjonowa\u0107 1997 roku W tym samym roku zako\u0144czy\u0142y swoj\u0105 dzia\u0142alno\u015b\u0107 warsztaty szkolne. W roku szkolnym 1997\/1998 po raz pierwszy m\u0142odzie\u017c rozpocz\u0119\u0142a nauk\u0119 w liceum og\u00f3lnokszta\u0142c\u0105cym &#8211; V LO.<\/p>\n<p style=\"text-align: justify;\">W roku 1999 w wyremontowanym budynku warsztat\u00f3w znalaz\u0142o swoj\u0105 siedzib\u0119 Centrum Edukacji w sk\u0142ad, kt\u00f3rego wchodzi technikum zawodowe i liceum og\u00f3lnokszta\u0142c\u0105ce. Zmieniona zosta\u0142a nazwa szko\u0142y na: Zesp\u00f3\u0142 Szk\u00f3\u0142 Centrum Edukacji Przemys\u0142u Naftowego Sp. z o.o., a nast\u0119pnie Zesp\u00f3\u0142 Szk\u00f3\u0142 Centrum Edukacji Sp. z o.o.<\/p>\n<p style=\"text-align: justify;\">Taki model organizacyjny funkcjonuje do chwili obecnej.<\/p>\n<p style=\"text-align: justify;\">Zesp\u00f3\u0142 Szk\u00f3\u0142 Centrum Edukacji obejmuje nast\u0119puj\u0105ce typy szk\u00f3\u0142:<\/p>\n<ul style=\"text-align: justify;\">\n<li>Technikum Zawodowe po szkole podstawowej z 5-letnim okresem nauczania;<\/li>\n<li>Liceum Og\u00f3lnokszta\u0142c\u0105ce z 4-letnim okresem nauczania;<\/li>\n<li>Technikum Zawodowe dla Doros\u0142ych typu wieczorowego z 3-letnim okresem nauczania;<\/li>\n<li>Policealne Studium Zawodowe dla Doros\u0142ych;<\/li>\n<li>z my\u015bl\u0105 o pracownikach PKN Orlen S.A. oraz innych firm dzi\u0119ki staraniom Centrum Edukacji powo\u0142ana zosta\u0142a przy szkole Pa\u0144stwowa Komisja Egzaminacyjna, kt\u00f3ra umo\u017cliwia uzyskanie tytu\u0142u technika oraz \u015bwiadectwa dojrza\u0142o\u015bci osobom, kt\u00f3re podj\u0119\u0142y nauk\u0119 w systemie eksternistycznym.<\/li>\n<\/ul>\n<p style=\"text-align: justify;\">Szko\u0142a obok bogato wyposa\u017conych pracowni do nauczania przedmiot\u00f3w og\u00f3lnokszta\u0142c\u0105cych i zawodowych posiada specjalistyczne pracownie chemiczne, bibliotek\u0119, kino aul\u0119, sale komputerowe.<\/p>\n<p style=\"text-align: justify;\">Integraln\u0105 cz\u0119\u015bci\u0105 Zespo\u0142u Szk\u00f3\u0142 by\u0142y w latach 1965 &#8211; 1997 warsztaty szkolne, kt\u00f3rych podstawowym zadaniem by\u0142o wyrobienie w uczniach umiej\u0119tno\u015bci zawodowych i nawyk\u00f3w produkcyjnych oraz rozszerzenie i pog\u0142\u0119bienie wiadomo\u015bci nabytych na zaj\u0119ciach z przedmiot\u00f3w zawodowych. Zaj\u0119cia warsztatowe odbywa\u0142y si\u0119 w systemie 2-zmianowym na 148 stanowiskach roboczych w nast\u0119puj\u0105cych dzia\u0142ach: \u015blusarnia, spawalnia, krajalnia, dzia\u0142 narz\u0119dziowy, dzia\u0142 remontowy, rozdzielnia rob\u00f3t, kontroli jako\u015bci, obr\u00f3bka plastyczna, obr\u00f3bka cieplno \u2013 chemiczna, wypo\u017cyczalnia narz\u0119dzi i pracownia elektryczna. Zaj\u0119cia praktyczne w warsztatach szkolnych odbywali uczniowie wszystkich typ\u00f3w szk\u00f3\u0142 wchodz\u0105cych w sk\u0142ad Zespo\u0142u Szk\u00f3\u0142 Zawodowych MZRiP, a tak\u017ce m\u0142odociani pracownicy Zak\u0142adu b\u0119d\u0105cy uczniami nast\u0119puj\u0105cych szk\u00f3\u0142: Zespo\u0142u Szk\u00f3\u0142 Elektrycznych, Zespo\u0142u Szk\u00f3\u0142 Samochodowych, Szko\u0142y Budowlanej i Szko\u0142y Wielobran\u017cowej. Dzisiejszy budynek nie przypomina dawnych warsztat\u00f3w, mieszcz\u0105 si\u0119 tu bardzo dobrze wyposa\u017cone biura i sale Centrum Edukacji.<\/p>\n<p style=\"text-align: justify;\">Kolejnym obiektem, kt\u00f3ry przez kilkana\u015bcie lat s\u0142u\u017cy\u0142 m\u0142odzie\u017cy ucz\u0119szczaj\u0105cej do szko\u0142y by\u0142 internat. Zlokalizowany w s\u0105siedztwie szko\u0142y przy ul. Arcybiskupa Antoniego Juliana Nowowiejskiego 6. Budynek internatu o kubaturze 10.828 m<sup>3<\/sup> zosta\u0142 zbudowany w okresie od 31 marca 1967 roku do 25 wrze\u015bnia 1969 roku Internat przeznaczony by\u0142 dla<br \/>\n265 uczni\u00f3w. Nale\u017ca\u0142 on do najlepiej wyposa\u017conych i najbardziej nowoczesnych internat\u00f3w w mie\u015bcie. Obiekt ten przesta\u0142 by\u0107 w\u0142asno\u015bci\u0105 szko\u0142y w 1996 roku.<\/p>\n<p style=\"text-align: justify;\">Przez 40 lat klimat popularnego &#8222;Chemika&#8221; tworzy\u0142y kolejne pokolenia m\u0142odzie\u017cy, kt\u00f3rzy postanowili zdobywa\u0107 wiedz\u0119 w tej szkole. Opr\u00f3cz nauki realizowali swoje zainteresowania uczestnicz\u0105c w konkursach, olimpiadach, zawodach sportowych, k\u00f3\u0142kach zainteresowa\u0144, organizacjach m\u0142odzie\u017cowych, zespo\u0142ach muzycznych, kabaretach.<\/p>\n<p style=\"text-align: justify;\">M\u0142odzie\u017c uczestniczy\u0142a w licznych konkursach i olimpiadach takich jak:<\/p>\n<ul style=\"text-align: justify;\">\n<li>olimpiada wiedzy o Polsce i \u015bwiecie wsp\u00f3\u0142czesnym;<\/li>\n<li>olimpiada filozoficzna;<\/li>\n<li>olimpiada wiedzy o AIDS<\/li>\n<li>olimpiada wiedzy religijnej;<\/li>\n<li>olimpiada wiedzy o kulturze kraj\u00f3w angloj\u0119zycznych;<\/li>\n<li>olimpiada wiedzy ekologicznej;<\/li>\n<li>olimpiada Polskiego Zwi\u0105zku Filatelistycznego;<\/li>\n<li>olimpiada przeciwpo\u017carowa;<\/li>\n<li>og\u00f3lnopolska olimpiada chemiczna;<\/li>\n<li>og\u00f3lnopolski konkurs chemiczny im. A. Swinarskiego w Toruniu;<\/li>\n<li>og\u00f3lnopolski konkurs Wiedzy Po\u017carniczej;<\/li>\n<li>og\u00f3lnopolski konkurs Historyczny &#8222;Losy \u017co\u0142nierza i or\u0119\u017ca polskiego&#8221;;<\/li>\n<li>og\u00f3lnopolski konkurs Piosenki Radzieckiej;<\/li>\n<li>og\u00f3lnopolski m\u0142odzie\u017cowy turniej turystyczno &#8211; krajoznawczy;<\/li>\n<li>og\u00f3lnopolski konkurs 8 wspania\u0142ych;<\/li>\n<li>konkurs na najlepsz\u0105 prac\u0119 dyplomow\u0105;<\/li>\n<li>konkurs m\u0142odego mistrza i racjonalizatora;<\/li>\n<li>konkurs pod has\u0142em: &#8222;Czy znasz prawo wynalazcze&#8221;;<\/li>\n<li>konkurs Teologiczno-Historyczny &#8211; Ko\u015bci\u00f3\u0142 w trzecim tysi\u0105cleciu;<\/li>\n<li>konkurs chemiczny im. Ignacego \u0141ukasiewicza;<\/li>\n<li>konkurs &#8222;Parlamentaryzm w Polsce&#8221;;<\/li>\n<li>konkurs wojew\u00f3dzki &#8222;Zapomniany w\u00f3dz &#8211; Gen. W\u0142. Anders&#8221;;<\/li>\n<li>konkurs na temat &#8222;Praca senatora&#8221;;<\/li>\n<li>konkurs na najlepszego ucznia w zawodzie;<\/li>\n<li>konkurs &#8222;Katy\u0144 \u2013 Golgota Wschodu&#8221;;<\/li>\n<li>konkurs m\u0142odzi odpowiedzialni za przysz\u0142o\u015b\u0107;<\/li>\n<li>konkurs &#8222;Drogi do niepodleg\u0142o\u015bci Polski w XX wieku&#8221;;<\/li>\n<li>mi\u0119dzyszkolny konkurs BHP;<\/li>\n<li>mi\u0119dzyszkolny konkurs krasom\u00f3wczy &#8222;P\u0142ock Historyczny &#8211; P\u0142ock Wsp\u00f3\u0142czesny&#8221;;<\/li>\n<li>wojew\u00f3dzki konkurs &#8222;Mo\u017ce pom\u00f3c mi kropelka Twojej krwi&#8221;;<\/li>\n<li>liczne edycje konkursu Wiedzy o Samorz\u0105dzie Terytorialnym<br \/>\ni Historii Mazowsza;<\/li>\n<li>turniej M\u0142odych Mistrz\u00f3w Techniki;<\/li>\n<li>turniej wiedzy motoryzacyjnej.<\/li>\n<\/ul>\n<p style=\"text-align: justify;\">Wielu uczni\u00f3w si\u0119gn\u0119\u0142o po najwy\u017csze trofea zdobywaj\u0105c wysokie miejsca i b\u0119d\u0105c laureatami. Oto niekt\u00f3rzy z nich: Adam Amrozy, Andrzej Czubakowski, Andrzej Jaszczak, Andrzej Szyma\u0144ski, Andrzej W\u0105sowski, Andrzej Wrzeszczy\u0144ski, Anna Iller, Arkadiusz Goc\u0142awski, Bogdan Kosi\u0144ski, Bogdan Kozi\u0144ski, Bogumi\u0142 Go\u015bciniecki, Bogus\u0142aw Rutkowski, Cezary Dusio, Daniel Szczepa\u0144ski, G. Zarucki, Gra\u017cyna Wi\u015bniewska, J. Szlifi\u0144ska, Jacek Bawtrol, Jerzy Kustera, Jerzy Przysocki, Jerzy Tomkielski, Jerzy Wawrzyniak, K. Komendarek, Karol Pi\u0105tkowski, Karolina Wierzbowska, Katarzyna Wasilewska, Kinga Snochowska, Krzysztof Rutkowski, \u0141ukasz J\u0119drzejewski, M. Kowalski, Marek G\u00f3recki, Marek Za\u0142\u0119ski, Mariusz Miko\u0142ajczyk, Micha\u0142 Bieniek, Pawe\u0142 Grabowski, Piotr Baranowski, Przemys\u0142aw Jakubowski, Rafa\u0142 Kowalski, Robert Naguszewski, Ryszard Pu\u0142awski, S\u0142awomir Pa\u0107kowski, Stanis\u0142aw J\u0119drzejewski, Stanis\u0142aw J\u0119drzejewski, Teresa Sieradzka, Tomasz Wi\u015bniewski, Waldemar Olszewski, Waldemar Zi\u0119tek, Weronika Karwowska.<\/p>\n<p style=\"text-align: justify;\">Du\u017c\u0105 rol\u0119 w \u017cyciu szko\u0142y odegra\u0142y organizacje m\u0142odzie\u017cowe takie jak: ZHP, ZSMP, OHP, PTTK, Samorz\u0105d Szkolny, Ko\u0142o M\u0142odych Polityk\u00f3w, TPPR, LOP, PCK, Ko\u0142a:\u00a0 fotograficzne, recytatorskie, biblioteczne, czytelnicze, teatr szkolny &#8222;Kameleon&#8221;, SKS, Kino STUDIO.<\/p>\n<p style=\"text-align: justify;\">M\u0142odzie\u017c ch\u0119tnie uczestniczy\u0142a w r\u00f3\u017cnych og\u00f3lnopolskich akcjach np. &#8222;Frombork&#8221;, Frombork 1001&#8243;, &#8222;Bieszczady&#8221;, &#8222;Odnowa zabytk\u00f3w Krakowa&#8221;, konkursie &#8222;Upi\u0119kszamy miasto&#8221;, rajdach, wycieczkach krajoznawczych, klasowych, biwakach.<\/p>\n<p style=\"text-align: justify;\">Bardzo du\u017c\u0105 popularno\u015bci\u0105 w\u015br\u00f3d m\u0142odzie\u017cy uzdolnionej cieszy\u0142y si\u0119 zespo\u0142y muzyczne i artystyczne. Okres ich trwania by\u0142 do\u015b\u0107 kr\u00f3tki, poniewa\u017c absolwenci opuszczali mury szko\u0142y, a m\u0142odsze roczniki najcz\u0119\u015bciej zaczyna\u0142y od nowa nadaj\u0105c swemu zespo\u0142owi now\u0105 nazw\u0119. Przewin\u0119\u0142y si\u0119 wi\u0119c: &#8222;Mezony&#8221;, &#8222;Mezony 68&#8221;, &#8222;Petrolinki&#8221;, &#8222;Chemik&#8221;, &#8222;Akolady&#8221;, &#8222;Izomery&#8221;, &#8222;Polimer&#8221;, &#8222;Sztubacy&#8221;, &#8222;Rybie \u0141o\u015bci&#8221;, &#8222;Nukleony&#8221;, &#8222;Kox&#8221;, &#8222;Eddy&#8221;, &#8222;Strajk&#8221;. U\u015bwietnia\u0142y one swymi wyst\u0119pami wszystkie uroczysto\u015bci szkolne i miejskie. Niekt\u00f3re z nich zajmowa\u0142y wysok\u0105 lokat\u0119 w wojew\u00f3dzkich, a nawet og\u00f3lnopolskich przegl\u0105dach zespo\u0142\u00f3w artystycznych (zesp\u00f3\u0142 Mezony, Rybie \u0141o\u015bci).<\/p>\n<p style=\"text-align: justify;\">Przez d\u0142ugi czas istnia\u0142y w szkole: zesp\u00f3\u0142 taneczny, wokalny, kapela, ch\u00f3r i kabarety: &#8222;Petru\u015b&#8221;, &#8222;Chichotek&#8221;, \u201eChichu\u015b\u201d, &#8222;Bzik&#8221;, \u201eAspekt\u201d oraz Szkolny Teatr &#8222;Kameleon&#8221;.<\/p>\n<p style=\"text-align: justify;\">Niekt\u00f3rzy uczniowie naszej szko\u0142y to poeci, drukowali swoje wiersze\u00a0 w gazetce szkolnej oraz prasie lokalnej. W bibliotece szkolnej organizowane by\u0142y wieczory autorskie, w czasie kt\u00f3rych m\u0142odzi tw\u00f3rcy prezentowali swoje utwory.<\/p>\n<p style=\"text-align: justify;\">Szko\u0142a wielokrotnie nawi\u0105zywa\u0142a kontakty zagraniczne, kt\u00f3re owocowa\u0142y wymian\u0105 m\u0142odzie\u017cy, go\u015bcili\u015bmy m\u0142odzie\u017c ze szk\u00f3\u0142 w NRD, Czechos\u0142owacji, ZSRR, Niemiec. M\u0142odzie\u017c naszej szko\u0142y wyje\u017cd\u017ca\u0142a do szk\u00f3\u0142 w Schwedt, Bratys\u0142awie, Baku, Darmstadt, ostatnio Bergish Gladbach, Berlina i Schwarzheide w ramach programu Sokrates &#8211; Comenius.<\/p>\n<p style=\"text-align: justify;\">Ile to wa\u017cnych, trudnych, ale i radosnych spraw zdarzy\u0142o si\u0119 po drodze przez te 40 lat. Co sk\u0142ada si\u0119 na \u017cyczliwy wizerunek &#8222;Chemika&#8221; w P\u0142ocku. Co my\u015bl\u0105 o szkole ludzie najbardziej z ni\u0105 zwi\u0105zani? Mo\u017ce prezentowana publikacja ocali od zapomnienia okruchy wspomnie\u0144, refleksje i prze\u017cycia tych wszystkich, kt\u00f3rzy si\u0119 z t\u0105 szko\u0142\u0105 zetkn\u0119li i j\u0105 promowali.<\/p>\n<p style=\"text-align: justify;\">\n","protected":false},"excerpt":{"rendered":"<p>Zesp\u00f3\u0142 Szk\u00f3\u0142 Centrum Edukacji im. Ignacego \u0141ukasiewicza ma bogat\u0105 histori\u0119. Powstanie szko\u0142y by\u0142o zwi\u0105zane z budow\u0105 Mazowieckich Zak\u0142ad\u00f3w Rafineryjnych i Petrochemicznych w P\u0142ocku. \u00a0\u00a0\u00a0\u00a0\u00a0\u00a0\u00a0\u00a0\u00a0 W dniu 1 wrze\u015bnia 1962 roku decyzj\u0105 Ministerstwa Przemys\u0142u Chemicznego powo\u0142ana zosta\u0142a 3-letnia Zasadnicza Szko\u0142a Zawodowa dla Pracuj\u0105cych na podbudowie szko\u0142y podstawowej oraz 2,5-letnia Pa\u0144stwowa Szko\u0142a Techniczna dla absolwent\u00f3w liceum og\u00f3lnokszta\u0142c\u0105cego. Uczniowie szko\u0142y zawodowej zdobywali specjalno\u015b\u0107:&hellip;<\/p>\n","protected":false},"author":1,"featured_media":0,"parent":0,"menu_order":0,"comment_status":"closed","ping_status":"closed","template":"","meta":{"_mc_calendar":[],"footnotes":""},"class_list":["post-22","page","type-page","status-publish","hentry"],"_links":{"self":[{"href":"https:\/\/zsce.pl\/index.php?rest_route=\/wp\/v2\/pages\/22","targetHints":{"allow":["GET"]}}],"collection":[{"href":"https:\/\/zsce.pl\/index.php?rest_route=\/wp\/v2\/pages"}],"about":[{"href":"https:\/\/zsce.pl\/index.php?rest_route=\/wp\/v2\/types\/page"}],"author":[{"embeddable":true,"href":"https:\/\/zsce.pl\/index.php?rest_route=\/wp\/v2\/users\/1"}],"replies":[{"embeddable":true,"href":"https:\/\/zsce.pl\/index.php?rest_route=%2Fwp%2Fv2%2Fcomments&post=22"}],"version-history":[{"count":8,"href":"https:\/\/zsce.pl\/index.php?rest_route=\/wp\/v2\/pages\/22\/revisions"}],"predecessor-version":[{"id":3038,"href":"https:\/\/zsce.pl\/index.php?rest_route=\/wp\/v2\/pages\/22\/revisions\/3038"}],"wp:attachment":[{"href":"https:\/\/zsce.pl\/index.php?rest_route=%2Fwp%2Fv2%2Fmedia&parent=22"}],"curies":[{"name":"wp","href":"https:\/\/api.w.org\/{rel}","templated":true}]}}