{"id":1022,"date":"2018-06-04T20:30:17","date_gmt":"2018-06-04T19:30:17","guid":{"rendered":"http:\/\/zsce.pl\/?page_id=1022"},"modified":"2024-02-21T10:43:14","modified_gmt":"2024-02-21T09:43:14","slug":"promocja-zdrowia","status":"publish","type":"page","link":"https:\/\/zsce.pl\/?page_id=1022","title":{"rendered":"Promocja zdrowia"},"content":{"rendered":"<h3 style=\"text-align: justify;\">SZKO\u0141A PROMUJ\u0104CA ZDROWIE<\/h3>\n<p style=\"text-align: justify;\">Zdrowie jest jednym z najwa\u017cniejszych aspekt\u00f3w naszego \u017cycia i powinni\u015bmy d\u0105\u017cy\u0107 do tego, aby utrzyma\u0107 je w jak najlepszej kondycji. Szko\u0142a, jako instytucja edukacyjna, ma kluczow\u0105 rol\u0119 w promowaniu zdrowego stylu \u017cycia w\u015br\u00f3d uczni\u00f3w. <strong>Zesp\u00f3\u0142 Szk\u00f3\u0142 Centrum Edukacji im. Ignacego \u0141ukasiewicza<\/strong> jest szko\u0142\u0105, kt\u00f3ra podejmuje dzia\u0142ania w ramach promowania\u00a0 zdrowia.\u00a0 Nasza szko\u0142a skupia si\u0119 nie tylko na wiedzy, ale tak\u017ce na zdrowiu i dobrej kondycji uczni\u00f3w i pracownik\u00f3w. Dzi\u0119ki takiej szkole, wszyscy cz\u0142onkowie mog\u0105 cieszy\u0107 si\u0119 lepszym zdrowiem, a uczniowie tak\u017ce lepiej koncentrowa\u0107 si\u0119 na nauce.<\/p>\n<p style=\"text-align: justify;\"><strong><em>Czym jest szko\u0142a promuj\u0105ca zdrowie?<\/em><\/strong><\/p>\n<p style=\"text-align: justify;\">Szko\u0142a promuj\u0105ca zdrowie to taka, kt\u00f3ra anga\u017cuje si\u0119 w dzia\u0142ania maj\u0105ce na celu popraw\u0119 zdrowia i dobrej kondycji uczni\u00f3w oraz pracownik\u00f3w szko\u0142y. To podej\u015bcie uwzgl\u0119dnia zar\u00f3wno fizyczne, jak i emocjonalne aspekty zdrowia. Taka szko\u0142a skupia si\u0119 na zapewnieniu warunk\u00f3w do rozwijania zdrowych nawyk\u00f3w i stylu \u017cycia, co pozytywnie wp\u0142ywa na samopoczucie i jako\u015b\u0107 \u017cycia.<\/p>\n<p style=\"text-align: justify;\"><strong><em>Jakie korzy\u015bci niesie ze sob\u0105 szko\u0142a promuj\u0105ca zdrowie?<\/em><\/strong><\/p>\n<ul style=\"text-align: justify;\">\n<li>Poprawa zdrowia fizycznego &#8211; szko\u0142a zach\u0119ca do aktywno\u015bci fizycznej i zdrowego od\u017cywiania, co pomaga w utrzymaniu dobrej kondycji fizycznej.<\/li>\n<li>Poprawa zdrowia psychicznego &#8211; szko\u0142a zapewnia wsparcie emocjonalne uczniom i pracownikom szko\u0142y, co przyczynia si\u0119 do zwi\u0119kszenia\u00a0 poczucia bezpiecze\u0144stwa i wp\u0142ywa pozytywnie na ich zdrowie psychiczne.<\/li>\n<li>Wzrost motywacji i zaanga\u017cowania \u2013 uczniowie s\u0105 zazwyczaj bardziej zaanga\u017cowani w nauk\u0119, co pozytywnie wp\u0142ywa na ich wyniki.<\/li>\n<\/ul>\n<p style=\"text-align: justify;\">Lepsze relacje spo\u0142eczne &#8211; uczniowie ucz\u0105 si\u0119 szacunku dla innych i budowania pozytywnych relacji mi\u0119dzyludzkich, co przyczynia si\u0119 do zwi\u0119kszenia poczucia wsp\u00f3lnoty.<\/p>\n<p>&nbsp;<\/p>\n","protected":false},"excerpt":{"rendered":"<p>SZKO\u0141A PROMUJ\u0104CA ZDROWIE Zdrowie jest jednym z najwa\u017cniejszych aspekt\u00f3w naszego \u017cycia i powinni\u015bmy d\u0105\u017cy\u0107 do tego, aby utrzyma\u0107 je w jak najlepszej kondycji. Szko\u0142a, jako instytucja edukacyjna, ma kluczow\u0105 rol\u0119 w promowaniu zdrowego stylu \u017cycia w\u015br\u00f3d uczni\u00f3w. Zesp\u00f3\u0142 Szk\u00f3\u0142 Centrum Edukacji im. Ignacego \u0141ukasiewicza jest szko\u0142\u0105, kt\u00f3ra podejmuje dzia\u0142ania w ramach promowania\u00a0 zdrowia.\u00a0 Nasza szko\u0142a skupia si\u0119 nie tylko na&hellip;<\/p>\n","protected":false},"author":1,"featured_media":0,"parent":0,"menu_order":0,"comment_status":"closed","ping_status":"closed","template":"","meta":{"_mc_calendar":[],"footnotes":""},"class_list":["post-1022","page","type-page","status-publish","hentry"],"_links":{"self":[{"href":"https:\/\/zsce.pl\/index.php?rest_route=\/wp\/v2\/pages\/1022","targetHints":{"allow":["GET"]}}],"collection":[{"href":"https:\/\/zsce.pl\/index.php?rest_route=\/wp\/v2\/pages"}],"about":[{"href":"https:\/\/zsce.pl\/index.php?rest_route=\/wp\/v2\/types\/page"}],"author":[{"embeddable":true,"href":"https:\/\/zsce.pl\/index.php?rest_route=\/wp\/v2\/users\/1"}],"replies":[{"embeddable":true,"href":"https:\/\/zsce.pl\/index.php?rest_route=%2Fwp%2Fv2%2Fcomments&post=1022"}],"version-history":[{"count":6,"href":"https:\/\/zsce.pl\/index.php?rest_route=\/wp\/v2\/pages\/1022\/revisions"}],"predecessor-version":[{"id":5002,"href":"https:\/\/zsce.pl\/index.php?rest_route=\/wp\/v2\/pages\/1022\/revisions\/5002"}],"wp:attachment":[{"href":"https:\/\/zsce.pl\/index.php?rest_route=%2Fwp%2Fv2%2Fmedia&parent=1022"}],"curies":[{"name":"wp","href":"https:\/\/api.w.org\/{rel}","templated":true}]}}